{"id":844,"date":"2019-11-18T18:10:23","date_gmt":"2019-11-18T17:10:23","guid":{"rendered":"https:\/\/dietenbach-ist-ueberall.de\/?page_id=844"},"modified":"2020-11-24T17:45:36","modified_gmt":"2020-11-24T16:45:36","slug":"rodungen","status":"publish","type":"page","link":"https:\/\/dietenbach-ist-ueberall.de\/?page_id=844","title":{"rendered":"Dietenbachs Waldfl\u00e4chen"},"content":{"rendered":"\n<p style=\"font-size:22px\">Unterst\u00fctzen Sie bitte unsere <a rel=\"noreferrer noopener\" aria-label=\"Petition (\u00f6ffnet in neuem Tab)\" href=\"https:\/\/www.change.org\/p\/oberb%C3%BCrgermeister-martin-horn-und-gemeinderat-der-stadt-freiburg-im-breisgau-keine-waldrodung-zwischen-rieselfeld-und-dietenbach-klima-naturschutz-statt-kahlschlag\" target=\"_blank\"><strong>Petition<\/strong><\/a> zum Erhalt des Waldes zwischen Rieselfeld und Dietenbach.<br>Bitte teilen Sie diese Petition bundesweit. <br>Wir freuen uns, wenn Sie uns mit einer kleinen <a rel=\"noreferrer noopener\" href=\"https:\/\/dietenbach-ist-ueberall.de\/?page_id=303\" target=\"_blank\">Zuwendung <\/a>f\u00fcr die geplanten Aktivit\u00e4ten f\u00f6rdern k\u00f6nnen.<\/p>\n\n\n\n<p style=\"font-size:22px\">Hier ist unser <strong><a href=\"https:\/\/dietenbach-ist-ueberall.de\/wp-content\/uploads\/2020\/11\/WaldFlyerVersion3b_lowVersion-mit-3mm-Beschnitt.pdf\" target=\"_blank\" rel=\"noreferrer noopener\">Flyer<\/a><\/strong> zur Petition.<\/p>\n\n\n\n<hr class=\"wp-block-separator is-style-wide\"\/>\n\n\n\n<p style=\"font-size:22px\">Wenn Sie sich noch mehr engagieren wollen, helfen Sie uns bitte bei der Unterst\u00fctzung der aussichtsreichen <a rel=\"noreferrer noopener\" href=\"https:\/\/dietenbach-ist-ueberall.de\/?page_id=1276\" target=\"_blank\"><strong>Klage<\/strong><\/a> gegen den Bau des Stadtteils insgesamt.<br>Vielen Dank.<\/p>\n\n\n\n<hr class=\"wp-block-separator is-style-wide\"\/>\n\n\n\n<p style=\"font-size:22px\"><strong><strong><a rel=\"noreferrer noopener\" href=\"https:\/\/dietenbach-ist-ueberall.de\/?page_id=1311\" target=\"_blank\">Einladung zum Spaziergang<\/a><\/strong><\/strong><\/p>\n\n\n\n<hr class=\"wp-block-separator is-style-wide\"\/>\n\n\n\n<p style=\"font-size:22px\">Setzen Sie sich pers\u00f6nlich f\u00fcr einzelne B\u00e4ume ein und werden <strong><a rel=\"noreferrer noopener\" href=\"http:\/\/www.biprolandwirtschaft.de\/%F0%9F%8C%B3baumpatenschaft-im-dietenbach-%F0%9F%A6%89\/\" target=\"_blank\">Baumpate<\/a><\/strong><\/p>\n\n\n\n<hr class=\"wp-block-separator is-style-wide\"\/>\n\n\n\n<p style=\"font-size:22px\"><br>Komplement\u00e4re und weiterf\u00fchrende Informationen \u00fcber die vorgesehene Rodung von verschiedenen Waldfl\u00e4chen im Dietenbachgel\u00e4nde wurden im nachstehenden Dokument (5 Seiten)<br>zum Download zusammengestellt: <\/p>\n\n\n\n<p style=\"font-size:22px\"><a href=\"https:\/\/dietenbach-ist-ueberall.de\/wp-content\/uploads\/2020\/11\/Waldrodungen_in_Dietenbach-10-GV19.pdf\" target=\"_blank\" rel=\"noreferrer noopener\"><strong>Waldrodungen in Dietenbach<\/strong><\/a><\/p>\n\n\n\n<p style=\"font-size:22px\">In der Fotogalerie sind mehrere Fotos aus den zu rodenden Waldbereichen:<\/p>\n\n\n\n<p style=\"font-size:22px\"><a rel=\"noreferrer noopener\" aria-label=\"Fotogalerie (\u00f6ffnet in neuem Tab)\" href=\"https:\/\/dietenbach-ist-ueberall.de\/?page_id=919\" target=\"_blank\"><strong>Fotogalerie<\/strong><\/a><\/p>\n\n\n\n<p style=\"font-size:22px\">Wir haben einen Teil der 3.700 betroffenen B\u00e4ume mit Nummern markiert:<\/p>\n\n\n\n<p style=\"font-size:22px\"><strong><a href=\"https:\/\/dietenbach-ist-ueberall.de\/?page_id=1249\" target=\"_blank\" rel=\"noreferrer noopener\" aria-label=\"Baum-Markierungsaktion Fotogalerie (\u00f6ffnet in neuem Tab)\">Baum-Markierungsaktion Fotogalerie<\/a><\/strong><\/p>\n\n\n\n<p style=\"font-size:22px\"><br>Hier das <strong><a href=\"https:\/\/dietenbach-ist-ueberall.de\/wp-content\/uploads\/2020\/09\/Plakat_1-Wald-V10b-01-03-2020-A3-300dpi-Mit-PetitionsAufruf-3-Gelb-scaled.jpg\" target=\"_blank\" rel=\"noreferrer noopener\">Plakat<\/a><\/strong> zu diesem Kahlschlag.<\/p>\n\n\n\n<p style=\"font-size:22px\"><br>Demn\u00e4chst folgen hier weitere Details zu diesen Rodungen. <\/p>\n\n\n\n<h3><\/h3>\n\n\n\n<p><\/p>\n\n\n\n<figure class=\"wp-block-image size-large is-resized is-style-default\"><img loading=\"lazy\" src=\"https:\/\/dietenbach-ist-ueberall.de\/wp-content\/uploads\/2020\/03\/Waldrodung-Nein_Danke-Ohne_QR.jpg\" alt=\"\" class=\"wp-image-1157\" width=\"431\" height=\"349\" srcset=\"https:\/\/dietenbach-ist-ueberall.de\/wp-content\/uploads\/2020\/03\/Waldrodung-Nein_Danke-Ohne_QR.jpg 862w, https:\/\/dietenbach-ist-ueberall.de\/wp-content\/uploads\/2020\/03\/Waldrodung-Nein_Danke-Ohne_QR-300x243.jpg 300w, https:\/\/dietenbach-ist-ueberall.de\/wp-content\/uploads\/2020\/03\/Waldrodung-Nein_Danke-Ohne_QR-768x621.jpg 768w\" sizes=\"(max-width: 431px) 100vw, 431px\" \/><\/figure>\n","protected":false},"excerpt":{"rendered":"<p>Unterst\u00fctzen Sie bitte unsere Petition zum Erhalt des Waldes zwischen Rieselfeld und Dietenbach.Bitte teilen Sie diese Petition bundesweit. Wir freuen uns, wenn Sie uns mit einer kleinen Zuwendung f\u00fcr die geplanten Aktivit\u00e4ten f\u00f6rdern k\u00f6nnen. Hier ist unser Flyer zur Petition. Wenn Sie sich noch mehr engagieren wollen, helfen Sie uns bitte bei der Unterst\u00fctzung der &hellip; <\/p>\n<p class=\"link-more\"><a href=\"https:\/\/dietenbach-ist-ueberall.de\/?page_id=844\" class=\"more-link\"><span class=\"screen-reader-text\">\u201eDietenbachs Waldfl\u00e4chen\u201c<\/span> weiterlesen<\/a><\/p>\n","protected":false},"author":1,"featured_media":0,"parent":0,"menu_order":0,"comment_status":"closed","ping_status":"closed","template":"","meta":[],"_links":{"self":[{"href":"https:\/\/dietenbach-ist-ueberall.de\/index.php?rest_route=\/wp\/v2\/pages\/844"}],"collection":[{"href":"https:\/\/dietenbach-ist-ueberall.de\/index.php?rest_route=\/wp\/v2\/pages"}],"about":[{"href":"https:\/\/dietenbach-ist-ueberall.de\/index.php?rest_route=\/wp\/v2\/types\/page"}],"author":[{"embeddable":true,"href":"https:\/\/dietenbach-ist-ueberall.de\/index.php?rest_route=\/wp\/v2\/users\/1"}],"replies":[{"embeddable":true,"href":"https:\/\/dietenbach-ist-ueberall.de\/index.php?rest_route=%2Fwp%2Fv2%2Fcomments&post=844"}],"version-history":[{"count":38,"href":"https:\/\/dietenbach-ist-ueberall.de\/index.php?rest_route=\/wp\/v2\/pages\/844\/revisions"}],"predecessor-version":[{"id":1584,"href":"https:\/\/dietenbach-ist-ueberall.de\/index.php?rest_route=\/wp\/v2\/pages\/844\/revisions\/1584"}],"wp:attachment":[{"href":"https:\/\/dietenbach-ist-ueberall.de\/index.php?rest_route=%2Fwp%2Fv2%2Fmedia&parent=844"}],"curies":[{"name":"wp","href":"https:\/\/api.w.org\/{rel}","templated":true}]}}