{"id":789,"date":"2019-10-21T02:49:00","date_gmt":"2019-10-21T00:49:00","guid":{"rendered":"https:\/\/dietenbach-ist-ueberall.de\/?page_id=789"},"modified":"2019-11-18T18:37:02","modified_gmt":"2019-11-18T17:37:02","slug":"fraktionen-und-gruppierungen","status":"publish","type":"page","link":"https:\/\/dietenbach-ist-ueberall.de\/?page_id=789","title":{"rendered":"R\u00fcckhaltebecken im Bohrertal"},"content":{"rendered":"<p>Muss das R\u00fcckhaltebecken im Bohrertal ohnehin gebaut werden oder geschieht dies wegen dem geplanten neuen Stadtteil Dietenbach? Hierzu \u00e4u\u00dfert sich Freiburg Lebenswert:<\/p>\n<p>Zum Artikel&nbsp; <a href=\"https:\/\/freiburg-lebenswert.de\/dietenbach\/rueckhaltebecken-im-bohrertal\/?print=pdf\"><strong>R\u00fcckhaltebecken im Bohrertal<\/strong><\/a><\/p>\n\n\n<p><\/p>\n","protected":false},"excerpt":{"rendered":"<p>Muss das R\u00fcckhaltebecken im Bohrertal ohnehin gebaut werden oder geschieht dies wegen dem geplanten neuen Stadtteil Dietenbach? Hierzu \u00e4u\u00dfert sich Freiburg Lebenswert: Zum Artikel&nbsp; R\u00fcckhaltebecken im Bohrertal<\/p>\n","protected":false},"author":3,"featured_media":0,"parent":0,"menu_order":0,"comment_status":"closed","ping_status":"closed","template":"","meta":[],"_links":{"self":[{"href":"https:\/\/dietenbach-ist-ueberall.de\/index.php?rest_route=\/wp\/v2\/pages\/789"}],"collection":[{"href":"https:\/\/dietenbach-ist-ueberall.de\/index.php?rest_route=\/wp\/v2\/pages"}],"about":[{"href":"https:\/\/dietenbach-ist-ueberall.de\/index.php?rest_route=\/wp\/v2\/types\/page"}],"author":[{"embeddable":true,"href":"https:\/\/dietenbach-ist-ueberall.de\/index.php?rest_route=\/wp\/v2\/users\/3"}],"replies":[{"embeddable":true,"href":"https:\/\/dietenbach-ist-ueberall.de\/index.php?rest_route=%2Fwp%2Fv2%2Fcomments&post=789"}],"version-history":[{"count":3,"href":"https:\/\/dietenbach-ist-ueberall.de\/index.php?rest_route=\/wp\/v2\/pages\/789\/revisions"}],"predecessor-version":[{"id":854,"href":"https:\/\/dietenbach-ist-ueberall.de\/index.php?rest_route=\/wp\/v2\/pages\/789\/revisions\/854"}],"wp:attachment":[{"href":"https:\/\/dietenbach-ist-ueberall.de\/index.php?rest_route=%2Fwp%2Fv2%2Fmedia&parent=789"}],"curies":[{"name":"wp","href":"https:\/\/api.w.org\/{rel}","templated":true}]}}