{"id":43,"date":"2019-08-05T21:35:53","date_gmt":"2019-08-05T19:35:53","guid":{"rendered":"https:\/\/dietenbach-ist-ueberall.de\/?page_id=43"},"modified":"2020-03-08T00:55:34","modified_gmt":"2020-03-07T23:55:34","slug":"ueber-mich","status":"publish","type":"page","link":"https:\/\/dietenbach-ist-ueberall.de\/?page_id=43","title":{"rendered":"\u00dcber uns"},"content":{"rendered":"<p style=\"text-align: left; padding-left: 200px;\">Wer sind wir?<br \/>Woher kommen wir?<br \/>Wohin wollen wir?<br \/>Was sind die offenen Fragen?<\/p>\n<p>Seit vielen Jahren verfolgen die Freiburger B\u00fcrgerinnen und B\u00fcrger in allen Stadtteilen die st\u00e4dtebauliche Entwicklung mit wachsender Anteilnahme, zunehmender Kritik und zuweilen auch aktivem Widerstand. Wir sind Teil dieser B\u00fcrgergruppen und wir sind besorgt um unsere Stadt, die international bei Investoren sehr beliebt ist und deren Freifl\u00e4chen dadurch erheblich unter Druck geraten. Diese sind aber ein begrenztes Gut.<\/p>\n<p>Die B\u00fcrgerschaft jeder Stadt braucht f\u00fcr ein gutes urbanes Leben nicht nur ein Dach \u00fcber dem Kopf, also eine angemessene Wohnung, sondern auch naturbelassene Freifl\u00e4chen verschiedenster Art zur Erholung und f\u00fcr ein gesundes Stadtklima. Dazu geh\u00f6rt auch, die regionale Landwirtschaft im Umfeld der Stadt zu erhalten und zu st\u00e4rken. Die Balance zwischen bebauten und offenen Fl\u00e4chen mu\u00df immer wieder neu erk\u00e4mpft werden; hier ist der energische Einsatz der gesamten B\u00fcrgerschaft gefragt.<\/p>\n<p>Die Regulierungskraft der Gremien der kommunalen parlamentarischen Demokratie reicht nach aller Erfahrung nicht aus.<\/p>\n<p>Wir hatten uns im Nachgang zum Grundsatzbeschluss des Gemeinderats im Juli 2018, der eine gro\u00dfe Mehrheit f\u00fcr die Dietenbach-Bauplanung erbrachte, locker ohne Vereinsstruktur zusammengefunden, um das \u2013 letztlich erfolgreiche \u2013 B\u00fcrgerbegehren in w\u00f6chentlichen Sitzungen, die allen Interessierten offen standen, vorzubereiten. Im Fr\u00fchjahr gab es dann in Freiburg einen sehr intensiven Abstimmungs-Kampf, bei dem die Stadt alle Register gezogen hatte, was am 24. Februar leider zu einem klaren Erfolg der Gegenseite f\u00fchrte. Dennoch waren auch wir erfolgreich, weil wir eine Debatte angesto\u00dfen haben, die weit in alle Teile der Bev\u00f6lkerung hineinreichte. So gab es f\u00fcr uns keinen Grund, zu resignieren.<\/p>\n<p>Das Scheitern beim B\u00fcrgerentscheid hat die Gruppe zwar ver\u00e4ndert, aber nicht aufgel\u00f6st, denn die \u00dcberzeugung von der Notwendigkeit des Widerstands gegen den fortschreitenden Fl\u00e4chenverbrauch und die Kraft, politische Aktionen zu entwerfen und durchzuf\u00fchren, diese Kraft ist gl\u00fccklicherweise nach wie vor gegeben. So haben wir im vergangenen Herbst die Durchf\u00fchrung einer <a href=\"https:\/\/dietenbach-ist-ueberall.de\/wp-content\/uploads\/2019\/11\/PM-Einw.Vers_._06Nov2019.pdf\" target=\"_blank\" rel=\"noopener noreferrer\">Einwohnerversammlung<\/a> veranlasst, deren schlie\u00dfliche Ausrichtung allerdings nicht unseren Vorstellungen entsprach. Derzeit sind weitere Initiativen und <a href=\"https:\/\/www.change.org\/p\/oberb%C3%BCrgermeister-martin-horn-und-gemeinderat-der-stadt-freiburg-im-breisgau-keine-waldrodung-zwischen-rieselfeld-und-dietenbach-klima-naturschutz-statt-kahlschlag\" target=\"_blank\" rel=\"noopener noreferrer\">Aktionen<\/a> in Vorbereitung.<\/p>\n<p>Grunds\u00e4tzlich offen ist die Frage, inwieweit es m\u00f6glich ist, innerhalb unseres stark von Kapitalkr\u00e4ften bestimmten Gesellschaftssystems entscheidende und wirksame Ma\u00dfnahmen zu installieren, um den bedrohlichen Kollaps unseres Planeten zu verhindern. Diese Frage steht immer an, auch auf kommunaler Ebene. Der Ausgang der Kommunalwahl im Mai 2019 hat unsere Arbeit nicht erleichtert und uns ein weiteres Mal drastisch vor Augen gef\u00fchrt, dass bei unserer politischen Arbeit schnelle Erfolge nicht zu erwarten sind. Mit langem Atem werden wir uns dieser Aufgabe stellen. Solidarit\u00e4t braucht es auch. Gerne hei\u00dfen wir neue InteressentINNen und MitstreiterINNen willkommen.<\/p>\n<p>Eine M\u00f6glichkeit w\u00e4re z. B. an einem Plenumsabend vorbeizukommen. Aktuelle Termine finden Sie<a href=\"https:\/\/dietenbach-ist-ueberall.de\/?page_id=178\" target=\"_blank\" rel=\"noopener noreferrer\"> <br \/><strong>hier<\/strong><\/a>.<\/p>\n\n\n<p><\/p>\n","protected":false},"excerpt":{"rendered":"<p>Wer sind wir?Woher kommen wir?Wohin wollen wir?Was sind die offenen Fragen? Seit vielen Jahren verfolgen die Freiburger B\u00fcrgerinnen und B\u00fcrger in allen Stadtteilen die st\u00e4dtebauliche Entwicklung mit wachsender Anteilnahme, zunehmender Kritik und zuweilen auch aktivem Widerstand. Wir sind Teil dieser B\u00fcrgergruppen und wir sind besorgt um unsere Stadt, die international bei Investoren sehr beliebt ist &hellip; <\/p>\n<p class=\"link-more\"><a href=\"https:\/\/dietenbach-ist-ueberall.de\/?page_id=43\" class=\"more-link\"><span class=\"screen-reader-text\">\u201e\u00dcber uns\u201c<\/span> weiterlesen<\/a><\/p>\n","protected":false},"author":2,"featured_media":0,"parent":0,"menu_order":0,"comment_status":"closed","ping_status":"closed","template":"","meta":[],"_links":{"self":[{"href":"https:\/\/dietenbach-ist-ueberall.de\/index.php?rest_route=\/wp\/v2\/pages\/43"}],"collection":[{"href":"https:\/\/dietenbach-ist-ueberall.de\/index.php?rest_route=\/wp\/v2\/pages"}],"about":[{"href":"https:\/\/dietenbach-ist-ueberall.de\/index.php?rest_route=\/wp\/v2\/types\/page"}],"author":[{"embeddable":true,"href":"https:\/\/dietenbach-ist-ueberall.de\/index.php?rest_route=\/wp\/v2\/users\/2"}],"replies":[{"embeddable":true,"href":"https:\/\/dietenbach-ist-ueberall.de\/index.php?rest_route=%2Fwp%2Fv2%2Fcomments&post=43"}],"version-history":[{"count":13,"href":"https:\/\/dietenbach-ist-ueberall.de\/index.php?rest_route=\/wp\/v2\/pages\/43\/revisions"}],"predecessor-version":[{"id":1146,"href":"https:\/\/dietenbach-ist-ueberall.de\/index.php?rest_route=\/wp\/v2\/pages\/43\/revisions\/1146"}],"wp:attachment":[{"href":"https:\/\/dietenbach-ist-ueberall.de\/index.php?rest_route=%2Fwp%2Fv2%2Fmedia&parent=43"}],"curies":[{"name":"wp","href":"https:\/\/api.w.org\/{rel}","templated":true}]}}