{"id":42,"date":"2019-08-05T21:31:23","date_gmt":"2019-08-05T19:31:23","guid":{"rendered":"https:\/\/dietenbach-ist-ueberall.de\/?page_id=42"},"modified":"2023-06-06T18:30:07","modified_gmt":"2023-06-06T16:30:07","slug":"startseite","status":"publish","type":"page","link":"https:\/\/dietenbach-ist-ueberall.de\/","title":{"rendered":""},"content":{"rendered":"<h4 style=\"text-align: center;\"><span style=\"color: #800000;\"><strong>Willkommen auf der neuen Internetseite unserer B\u00fcrgeraktion.<\/strong><\/span><\/h4>\n<p style=\"text-align: center;\"><span style=\"color: #999999;\"><em data-rich-text-format-boundary=\"true\">Unsere fr\u00fchere Website mit wichtigen Hintergrundinformationen finden Sie hier:<br><\/em><a style=\"color: #999999;\" href=\"https:\/\/rettet-dietenbach.de\"><strong><em>rettet-dietenbach.de<\/em><\/strong><\/a><\/span><\/p>\n\n\n<hr class=\"wp-block-separator is-style-wide\"\/>\n\n\n\n<p class=\"has-text-align-center\" style=\"font-size:24px\">Hier gelangen Sie zu unseren <strong>Kleinanzeigen<\/strong> und dem entsprechenden Fakten-Check mit weiteren <br>Informationen und Quellenangaben:<br><strong><a rel=\"noreferrer noopener\" href=\"https:\/\/dietenbach-ist-ueberall.de\/?page_id=1641\" target=\"_blank\">Kleinanzeigen + Fakten-Check<\/a><\/strong><\/p>\n\n\n\n<hr class=\"wp-block-separator is-style-wide\"\/>\n\n\n\n<hr class=\"wp-block-separator is-style-wide\"\/>\n\n\n\n<p class=\"has-text-align-center\" style=\"font-size:24px\"><br>Der geplante Neubaustadtteil Dietenbach als Hochwasserexperiment. In einem <a rel=\"noreferrer noopener\" href=\"https:\/\/dietenbach-ist-ueberall.de\/?page_id=1589\" target=\"_blank\"><strong>Offenen Brief<\/strong><\/a> an die Verantwortlichen der Stadt Freiburg erl\u00e4utert Rolf Baiker, Dipl. Ing. f\u00fcr Wasserwirtschaft, weshalb in den Dietenbachniederungen nicht gebaut werden soll.<br><br>Unterst\u00fctzen Sie bitte unsere <a rel=\"noreferrer noopener\" aria-label=\"Petition (\u00f6ffnet in neuem Tab)\" href=\"https:\/\/www.change.org\/p\/oberb%C3%BCrgermeister-martin-horn-und-gemeinderat-der-stadt-freiburg-im-breisgau-keine-waldrodung-zwischen-rieselfeld-und-dietenbach-klima-naturschutz-statt-kahlschlag\" target=\"_blank\"><strong>Petition<\/strong><\/a> zum Erhalt des Waldes zwischen Rieselfeld und Dietenbach<br>Es gilt, 3700 B\u00e4ume auf 50000 m\u00b2 Wald zu sch\u00fctzen<\/p>\n\n\n\n<p class=\"has-text-align-center\" style=\"font-size:24px\">Setzen Sie sich pers\u00f6nlich f\u00fcr einzelne B\u00e4ume ein und werden <strong><a rel=\"noreferrer noopener\" href=\"http:\/\/www.biprolandwirtschaft.de\/%F0%9F%8C%B3baumpatenschaft-im-dietenbach-%F0%9F%A6%89\/\" target=\"_blank\">Baumpate<\/a><\/strong><\/p>\n\n\n\n<p class=\"has-text-align-center\" style=\"font-size:24px\">Es gibt auch die M\u00f6glichkeit, die derzeit laufenden, aussichtsreichen <a rel=\"noreferrer noopener\" href=\"https:\/\/dietenbach-ist-ueberall.de\/?page_id=1276\" target=\"_blank\"><strong>Klagen<\/strong> <\/a>finanziell zu unterst\u00fctzen<br>Stellen diese doch die letzte M\u00f6glichkeit dar, <br>das Projekt Dietenbach juristisch zu stoppen<\/p>\n\n\n\n<p class=\"has-text-align-center\" style=\"font-size:24px\">Nat\u00fcrlich freuen wir uns auch, wenn Sie uns mit einer kleinen <a rel=\"noreferrer noopener\" href=\"https:\/\/dietenbach-ist-ueberall.de\/?page_id=303\" target=\"_blank\"><strong>Zuwendung <\/strong><\/a>f\u00fcr die weiteren Aktivit\u00e4ten f\u00f6rdern k\u00f6nnen<\/p>\n\n\n\n<p><\/p>\n\n\n\n<hr class=\"wp-block-separator is-style-wide\"\/>\n\n\n\n<hr class=\"wp-block-separator is-style-wide\"\/>\n\n\n\n<p class=\"has-text-align-center\" style=\"font-size:22px\">Im Dietenbachgebiet werden fast <span style=\"text-decoration: underline;\">f\u00fcnf Hektar Wald gerodet und mehr als 3.700 B\u00e4ume gef\u00e4llt<\/span>, falls das gro\u00dfe Projekt je realisiert wird. Eine ausf\u00fchrliche Dokumentation dar\u00fcber und mehrere Fotos der zu rodenden Waldfl\u00e4chen sind unter<br>&#8222;Rodungen und Baumf\u00e4llungen&#8220; zum Download verf\u00fcgbar:<br><br><a rel=\"noreferrer noopener\" href=\"https:\/\/dietenbach-ist-ueberall.de\/?page_id=844\" target=\"_blank\"><strong>Dietenbachs Waldfl\u00e4chen<\/strong><\/a><br><\/p>\n\n\n\n<hr class=\"wp-block-separator is-style-wide\"\/>\n\n\n\n<p class=\"has-text-align-center\" style=\"font-size:22px\"><strong><a rel=\"noreferrer noopener\" href=\"https:\/\/dietenbach-ist-ueberall.de\/?page_id=1311\" target=\"_blank\">Einladung zum Spaziergang<\/a><\/strong><br><\/p>\n\n\n\n<hr class=\"wp-block-separator is-style-wide\"\/>\n\n\n\n<p class=\"has-text-align-center has-medium-font-size\">Eine Bebauung des wertvollen Dietenbachareals ist auch nach dem B\u00fcrgerentscheid in hohem Ma\u00dfe problematisch, wie wir Ihnen auf den folgenden Seiten darstellen.<\/p>\n\n\n\n<p class=\"has-text-align-center has-medium-font-size\">Zur Diskussion stehen unter anderem die unklare Finanzierung und die damit verbundenen Risiken. So sind mit hoher Wahrscheinlichkeit neben jahrelangen Verz\u00f6gerungen wichtiger Vorhaben (z. B. Schulsanierungen) auch herbe K\u00fcrzungen in alle B\u00fcrger betreffenden Bereichen zu erwarten.<\/p>\n\n\n\n<p class=\"has-text-align-center has-medium-font-size\">Zu den <a rel=\"noreferrer noopener\" href=\"https:\/\/dietenbach-ist-ueberall.de\/?page_id=212\" target=\"_blank\"><strong>offenen Fragen<\/strong><\/a> w\u00e4hrend des Entscheids haben sich gleich nach der Abstimmung neue Aspekte gesellt, die die Wahlversprechungen der Baubef\u00fcrworter in ein neues,<br>interessantes Licht r\u00fccken\u2026<br> Bleiben Sie informiert \u00fcber dieses wichtige Thema!<\/p>\n\n\n\n<p class=\"has-text-align-center has-medium-font-size\"><a rel=\"noopener noreferrer\" href=\"https:\/\/dietenbach-ist-ueberall.de\/?page_id=172\" target=\"_blank\"><strong>Mehr zu neueren Entwicklungen<\/strong><\/a><br><\/p>\n\n\n\n<hr class=\"wp-block-separator is-style-wide\"\/>\n\n\n\n<p class=\"has-text-align-center has-medium-font-size\">Viele weitere Informationen und Bilder sind auch auf der<br><br><a rel=\"noreferrer noopener\" aria-label=\"Facebook-Seite (\u00f6ffnet in neuem Tab)\" href=\"https:\/\/www.facebook.com\/DietenbachistueberallFreiburg\/\" target=\"_blank\"><strong>Facebook-Seite<\/strong><\/a>. <br><\/p>\n\n\n\n<hr class=\"wp-block-separator is-style-wide\"\/>\n\n\n\n<p class=\"has-text-align-center has-medium-font-size\"><span style=\"color: #000000;\">Unsere Unterschriftensammlung zur Durchf\u00fchrung einer Einwohnerversammlung war erfolgreich:<\/span><\/p>\n\n\n\n<p class=\"has-text-align-center has-medium-font-size\"><span style=\"color: #000000;\">Am 11.11.2019 hat eine <a href=\"https:\/\/dietenbach-ist-ueberall.de\/?page_id=1356\" target=\"_blank\" rel=\"noreferrer noopener\">Einwohnerversammlung zu Dietenbach<\/a> stattgefunden &#8211; allerdings hatte diese Veranstaltung wenig mit dem zu tun, was wir uns unter einer Einwohnerversammlung zum Thema &#8222;bezahlbarer Wohnraum&#8220; vorgestellt haben.<\/span><\/p>\n\n\n\n<p class=\"has-text-align-center has-medium-font-size\"><span style=\"color: #000000;\">Eine Erkl\u00e4rung, warum wir am 11.11.2019 nicht teilgenommen haben, finden Sie in unserer <a rel=\"noopener noreferrer\" href=\"https:\/\/dietenbach-ist-ueberall.de\/wp-content\/uploads\/2019\/11\/PM-Einw.Vers_._06Nov2019.pdf\" target=\"_blank\"><strong>Medienmitteilung<\/strong><\/a>.<br><\/span><\/p>\n\n\n\n<hr class=\"wp-block-separator is-style-wide\"\/>\n\n\n\n<p class=\"has-text-align-center has-medium-font-size\"> Die Wahlversprechungen der Baubef\u00fcrworter lassen wichtige Fragen bez\u00fcglich der Finanzierbarkeit, Verh\u00e4ltnism\u00e4\u00dfigkeit und den \u00f6kologischen Folgen dieser geplanten umfangreichen Fl\u00e4chenversiegelung unber\u00fccksichtigt. <br>Zu diesen Themenbereichen wurde in Form eines offenen Briefes an OB Martin Horn Stellung genommen.  <br><br><a rel=\"noreferrer noopener\" aria-label=\" (\u00f6ffnet in neuem Tab)\" href=\"https:\/\/dietenbach-ist-ueberall.de\/?page_id=212\" target=\"_blank\"><span><strong>Offener Brief an Oberb\u00fcrgermeister Martin Horn vom 1.5.2019<\/strong><\/span><\/a><br><\/p>\n\n\n\n<hr class=\"wp-block-separator is-style-wide\"\/>\n\n\n\n<div class=\"wp-block-image is-style-default\"><figure class=\"aligncenter size-medium is-resized\"><img loading=\"lazy\" src=\"https:\/\/dietenbach-ist-ueberall.de\/wp-content\/uploads\/2020\/04\/2b-Dietenbach-finanziell-runter-300dpi-Cut-192x300.jpg\" alt=\"\" class=\"wp-image-1339\" width=\"256\" height=\"400\" srcset=\"https:\/\/dietenbach-ist-ueberall.de\/wp-content\/uploads\/2020\/04\/2b-Dietenbach-finanziell-runter-300dpi-Cut-192x300.jpg 192w, https:\/\/dietenbach-ist-ueberall.de\/wp-content\/uploads\/2020\/04\/2b-Dietenbach-finanziell-runter-300dpi-Cut-656x1024.jpg 656w, https:\/\/dietenbach-ist-ueberall.de\/wp-content\/uploads\/2020\/04\/2b-Dietenbach-finanziell-runter-300dpi-Cut-768x1199.jpg 768w, https:\/\/dietenbach-ist-ueberall.de\/wp-content\/uploads\/2020\/04\/2b-Dietenbach-finanziell-runter-300dpi-Cut-984x1536.jpg 984w, https:\/\/dietenbach-ist-ueberall.de\/wp-content\/uploads\/2020\/04\/2b-Dietenbach-finanziell-runter-300dpi-Cut-1312x2048.jpg 1312w, https:\/\/dietenbach-ist-ueberall.de\/wp-content\/uploads\/2020\/04\/2b-Dietenbach-finanziell-runter-300dpi-Cut.jpg 1329w\" sizes=\"(max-width: 256px) 100vw, 256px\" \/><\/figure><\/div>\n\n\n\n<hr class=\"wp-block-separator is-style-wide\"\/>\n","protected":false},"excerpt":{"rendered":"<p>Willkommen auf der neuen Internetseite unserer B\u00fcrgeraktion. Unsere fr\u00fchere Website mit wichtigen Hintergrundinformationen finden Sie hier:rettet-dietenbach.de Hier gelangen Sie zu unseren Kleinanzeigen und dem entsprechenden Fakten-Check mit weiteren Informationen und Quellenangaben:Kleinanzeigen + Fakten-Check Der geplante Neubaustadtteil Dietenbach als Hochwasserexperiment. In einem Offenen Brief an die Verantwortlichen der Stadt Freiburg erl\u00e4utert Rolf Baiker, Dipl. Ing. f\u00fcr &hellip; <\/p>\n<p class=\"link-more\"><a href=\"https:\/\/dietenbach-ist-ueberall.de\/\" class=\"more-link\"><span class=\"screen-reader-text\">\u201e\u201c<\/span> weiterlesen<\/a><\/p>\n","protected":false},"author":2,"featured_media":0,"parent":0,"menu_order":0,"comment_status":"closed","ping_status":"closed","template":"","meta":[],"_links":{"self":[{"href":"https:\/\/dietenbach-ist-ueberall.de\/index.php?rest_route=\/wp\/v2\/pages\/42"}],"collection":[{"href":"https:\/\/dietenbach-ist-ueberall.de\/index.php?rest_route=\/wp\/v2\/pages"}],"about":[{"href":"https:\/\/dietenbach-ist-ueberall.de\/index.php?rest_route=\/wp\/v2\/types\/page"}],"author":[{"embeddable":true,"href":"https:\/\/dietenbach-ist-ueberall.de\/index.php?rest_route=\/wp\/v2\/users\/2"}],"replies":[{"embeddable":true,"href":"https:\/\/dietenbach-ist-ueberall.de\/index.php?rest_route=%2Fwp%2Fv2%2Fcomments&post=42"}],"version-history":[{"count":111,"href":"https:\/\/dietenbach-ist-ueberall.de\/index.php?rest_route=\/wp\/v2\/pages\/42\/revisions"}],"predecessor-version":[{"id":1811,"href":"https:\/\/dietenbach-ist-ueberall.de\/index.php?rest_route=\/wp\/v2\/pages\/42\/revisions\/1811"}],"wp:attachment":[{"href":"https:\/\/dietenbach-ist-ueberall.de\/index.php?rest_route=%2Fwp%2Fv2%2Fmedia&parent=42"}],"curies":[{"name":"wp","href":"https:\/\/api.w.org\/{rel}","templated":true}]}}