{"id":340,"date":"2019-10-21T00:50:07","date_gmt":"2019-10-20T22:50:07","guid":{"rendered":"https:\/\/dietenbach-ist-ueberall.de\/?page_id=340"},"modified":"2020-04-29T12:53:14","modified_gmt":"2020-04-29T10:53:14","slug":"drucksachen-gemeinderat","status":"publish","type":"page","link":"https:\/\/dietenbach-ist-ueberall.de\/?page_id=340","title":{"rendered":"Drucksachen Gemeinderat"},"content":{"rendered":"<div class=\"entry-content\">\n<p><span style=\"color: #993366;\"><strong>HA-Sitzung 11.03<\/strong><strong>.2019<\/strong><\/span><\/p>\n<p><a title=\"\" href=\"https:\/\/rettet-dietenbach.de\/wp-content\/uploads\/2019\/03\/G-19-080_Anlage_2_Dietenbach-Posten.pdf\" target=\"_blank\" rel=\"noopener noreferrer\">G-19\/080 Anlage 2: Entwurf \u2013 Investitionsprogramm 2018 bis 2022, hier: Dietenbach-relevante Posten<\/a><\/p>\n<p><a title=\"\" href=\"https:\/\/rettet-dietenbach.de\/wp-content\/uploads\/2019\/04\/G-19-080_Anlage_2_11Mrz2019.pdf\" target=\"_blank\" rel=\"noopener noreferrer\">G-19\/080 Anlage 2: Entwurf \u2013 Investitionsprogramm 2018 bis 2022<\/a> (pdf, 4 MB, 173 Seiten)<br \/>auf S. 95 findet sich die Angabe: <strong>7,2 Mio Euro Erl\u00f6se aus dem Verkauf von Erbbaugrundst\u00fccken in Haslach-Gartenstadt<\/strong><\/p>\n<p><span style=\"color: #339966;\"><strong><br \/><span style=\"color: #800080;\">GR-Sitzung 27.11.2018<\/span><\/strong><\/span><\/p>\n<p><a title=\"\" href=\"https:\/\/rettet-dietenbach.de\/wp-content\/uploads\/2019\/01\/G-17-230.pdf\" target=\"_blank\" rel=\"noopener noreferrer\">G-17\/230: Wohnungssituation in Freiburg<\/a> \u2013 Analysen, aktueller Bericht, Ma\u00dfnahmen (Drucksache 1 Jahr zuvor am 20.11.2017 im Hauptausschuss eingebracht)<\/p>\n<p>(<a title=\"\" href=\"https:\/\/ris.freiburg.de\/anlagen.php?anz=be&amp;vid=3540910100242&amp;sid=ni_2018-GR-178&amp;status=1&amp;x=13&amp;y=7\" target=\"_blank\" rel=\"noopener noreferrer\">zum Download der 22 Anlagen<\/a>)<\/p>\n<p><a title=\"\" href=\"https:\/\/rettet-dietenbach.de\/wp-content\/uploads\/2019\/01\/G-17-230-1.pdf\" target=\"_blank\" rel=\"noopener noreferrer\">G-17\/230.1: Wohnungssituation in Freiburg<\/a><\/p>\n<p><a title=\"\" href=\"https:\/\/rettet-dietenbach.de\/wp-content\/uploads\/2019\/01\/G-17-230.1_Anlage_1.pdf\" target=\"_blank\" rel=\"noopener noreferrer\">G-17\/230.1 Origin\u00e4re Anlagen \u2013 darin die neueste st\u00e4dtische Bev\u00f6lkerungsprognose<\/a><br \/><a title=\"\" href=\"https:\/\/rettet-dietenbach.de\/wp-content\/uploads\/2019\/01\/G-17-230.1_Anlage_2.pdf\" target=\"_blank\" rel=\"noopener noreferrer\">G-17\/230.1 Fortgeschriebene Anlagen<\/a><br \/><a title=\"\" href=\"https:\/\/rettet-dietenbach.de\/wp-content\/uploads\/2019\/01\/G-17-230.1_Anlage_7.pdf\" target=\"_blank\" rel=\"noopener noreferrer\">G-17\/230.1 Fl\u00e4chennutzungsplan 2020<\/a> \/ noch vorhandene Rest bzw. Reservefl\u00e4chen (Stand Nov. 2018)<br \/><a title=\"\" href=\"https:\/\/rettet-dietenbach.de\/wp-content\/uploads\/2019\/01\/G-17-230.1_Anlage_8.pdf\" target=\"_blank\" rel=\"noopener noreferrer\">G-17\/230.1 Erteilte Wohnberechtigungsscheine<\/a> nach Haushaltsgr\u00f6\u00dfe und Jahr<br \/><a title=\"\" href=\"https:\/\/rettet-dietenbach.de\/wp-content\/uploads\/2019\/01\/G-17-230.1_Anlage_9.pdf\" target=\"_blank\" rel=\"noopener noreferrer\">G-17\/230.1 Wohnungssuchende Haushalte<\/a> nach Haushaltsgr\u00f6\u00dfe<br \/><a title=\"\" href=\"https:\/\/rettet-dietenbach.de\/wp-content\/uploads\/2019\/01\/G-18-230.1_Beschluss_27Nov2018.pdf\" target=\"_blank\" rel=\"noopener noreferrer\">G-17\/230.1 Beschluss<\/a><\/p>\n<p><a title=\"\" href=\"https:\/\/rettet-dietenbach.de\/wp-content\/uploads\/2019\/01\/G-18-127.pdf\" target=\"_blank\" rel=\"noopener noreferrer\">G-18\/127: Projektgruppe Neue Wohnbaufl\u00e4chen (ProWo)<\/a> \u2013 Stand der Fl\u00e4chenentwicklung und weiteres Vorgehen<\/p>\n<p><a title=\"\" href=\"https:\/\/rettet-dietenbach.de\/wp-content\/uploads\/2019\/01\/G-18-127_Anlage_3.pdf\" target=\"_blank\" rel=\"noopener noreferrer\">G-18\/127 Anlage 3: Untersuchungsraum Rahmenplan \u201eSportpark\/Dorfbach St. Georgen\u201c<\/a><br \/><a title=\"\" href=\"https:\/\/rettet-dietenbach.de\/wp-content\/uploads\/2019\/01\/G-18-127_Anlage_4.pdf\" target=\"_blank\" rel=\"noopener noreferrer\">G-18\/127 Anlage 4: Untersuchungsraum Rahmenplan \u201eTuniberg\u201c<\/a><\/p>\n<p><strong><br \/><span style=\"color: #800080;\">GR-Sitzung 13.11.2018<\/span><\/strong><\/p>\n<p>TOP zuvor am 07.11.2018 im Ortschaftsrat Lehen, danach nicht\u00f6ffentlich im Bauausschuss und Hauptausschuss; f\u00fcr Gemeinderatssitzung kurzfristig wieder abgesetzt<\/p>\n<p><a title=\"\" href=\"https:\/\/rettet-dietenbach.de\/wp-content\/uploads\/2018\/11\/G-18-217.pdf\" target=\"_blank\" rel=\"noopener noreferrer\">G-18\/217: SEM Dietenbach \u2013 Dialogkonzept<\/a><\/p>\n<p><a title=\"\" href=\"https:\/\/rettet-dietenbach.de\/wp-content\/uploads\/2019\/01\/G-18-217_Anlage_2_OR-Lehen_7Nov2018.pdf\" target=\"_blank\" rel=\"noopener noreferrer\">G-18\/217 Anlage 2: Dialogkonzept zum Wohnungsmix im Dietenbach<\/a> \u2013 Zeitplan 2\/2019 bis Mitte 2020<br \/><a title=\"\" href=\"https:\/\/rettet-dietenbach.de\/wp-content\/uploads\/2019\/01\/G-18-217_Anlage_3_OR-Lehen_7Nov2018.pdf\" target=\"_blank\" rel=\"noopener noreferrer\">G-18\/217 Anlage 3: Offene Vorschlagsliste f\u00fcr das Wohnbauforum Dietenbach am 03.04.2019<\/a><\/p>\n<p><strong><br \/><span style=\"color: #800080;\">GR-Sitzung 24.07.2018<\/span><\/strong><\/p>\n<p><a title=\"\" href=\"https:\/\/rettet-dietenbach.de\/wp-content\/uploads\/2018\/09\/Brief-Sparkasse-23-07-2018.pdf\" target=\"_blank\" rel=\"noopener noreferrer\">Brief der Sparkasse<\/a><\/p>\n<p><a title=\"\" href=\"https:\/\/rettet-dietenbach.de\/wp-content\/uploads\/2019\/01\/PM-Stadt_23Juli2018.pdf\" target=\"_blank\" rel=\"noopener noreferrer\">Pressemitteilung der Stadt 23.07.2018<\/a><\/p>\n<p><a title=\"\" href=\"https:\/\/rettet-dietenbach.de\/wp-content\/uploads\/2019\/01\/G-18_114.pdf\" target=\"_blank\" rel=\"noopener noreferrer\">G-18\/114: SEM Dietenbach<\/a><\/p>\n<p><a title=\"\" href=\"https:\/\/ris.freiburg.de\/show_anlagen.php?_typ_432=vorl&amp;_sid=ni_2018-GR-174&amp;_topst=1&amp;_vorl_nr=3772003100115&amp;_doc_n1=20180608132109.pdf\" target=\"_blank\" rel=\"noopener noreferrer\">G-18\/114 Anlage 1: Vorbereitende Untersuchungen<\/a>, Endbericht (pdf Download, 17 MB)<br \/><a title=\"\" href=\"https:\/\/rettet-dietenbach.de\/wp-content\/uploads\/2019\/01\/G-18-114_Anlage_2.pdf\" target=\"_blank\" rel=\"noopener noreferrer\">G-18\/114 Anlage 2: Umweltbericht<\/a> zur Strategischen Umweltpr\u00fcfung (SUP)<br \/><a title=\"\" href=\"https:\/\/rettet-dietenbach.de\/wp-content\/uploads\/2019\/01\/G-18-114_Anlage_3.pdf\" target=\"_blank\" rel=\"noopener noreferrer\">G-18\/114 Anlage 3<\/a>: Entwicklungssatzung<br \/><a title=\"\" href=\"https:\/\/rettet-dietenbach.de\/wp-content\/uploads\/2019\/01\/G-18-114_Anlage_4.pdf\" target=\"_blank\" rel=\"noopener noreferrer\">G-18\/114 Anlage 4<\/a>: Ziele und Zwecke der SEM<br \/><a title=\"\" href=\"https:\/\/rettet-dietenbach.de\/wp-content\/uploads\/2019\/01\/G-18-114_Anlage_5.pdf\" target=\"_blank\" rel=\"noopener noreferrer\">G-18\/114 Anlage 5<\/a>: SEM Begr\u00fcndung gem. \u00a7 165 Abs. 7 BauGB<br \/><a title=\"\" href=\"https:\/\/rettet-dietenbach.de\/wp-content\/uploads\/2019\/01\/G-18-114_Anlage_6_KoFi.pdf\" target=\"_blank\" rel=\"noopener noreferrer\">G-18\/114 Anlage 6: Kosten- und Finanzierungs\u00fcbersicht<\/a><br \/><a title=\"\" href=\"https:\/\/rettet-dietenbach.de\/wp-content\/uploads\/2019\/01\/Top17_Beschluss_24Jul2018.pdf\" target=\"_blank\" rel=\"noopener noreferrer\">G-18\/114: Beschluss<\/a><br \/><a title=\"\" href=\"https:\/\/rettet-dietenbach.de\/wp-content\/uploads\/2019\/01\/G-18-114_Beschluss_OR-Lehen_18Jul2018.pdf\" target=\"_blank\" rel=\"noopener noreferrer\">G-18\/114: Beschluss des Ortschaftsrats Lehen 18.07.2018 (Ablehnung)<\/a><\/p>\n<p><a title=\"\" href=\"https:\/\/rettet-dietenbach.de\/wp-content\/uploads\/2019\/01\/G-18_115.pdf\" target=\"_blank\" rel=\"noopener noreferrer\">G-18\/115: SEM Dietenbach \u2013 Kooperationsmodell mit der Sparkasse<\/a><\/p>\n<p><a title=\"\" href=\"https:\/\/rettet-dietenbach.de\/wp-content\/uploads\/2019\/01\/G-18-115_Anlage_1_RahmenvereinbarungmitSparkasse.pdf\" target=\"_blank\" rel=\"noopener noreferrer\">G-18\/115 Anlage: Rahmenvereinbarung mit der Sparkasse<\/a><br \/><a title=\"\" href=\"https:\/\/rettet-dietenbach.de\/wp-content\/uploads\/2019\/01\/G-18-115_Beschluss_OR-Lehen_18Jul2018.pdf\" target=\"_blank\" rel=\"noopener noreferrer\">G-18\/115: Beschluss des Ortschaftsrats Lehen 18.07.2018 (Ablehnung)<\/a><\/p>\n<p><a title=\"\" href=\"https:\/\/rettet-dietenbach.de\/wp-content\/uploads\/2019\/01\/G-18_116.pdf\" target=\"_blank\" rel=\"noopener noreferrer\">G-18\/116: SEM Dietenbach<\/a><\/p>\n<p><a title=\"\" href=\"https:\/\/rettet-dietenbach.de\/wp-content\/uploads\/2019\/01\/G-18-116_Anlage_2_FNP-Aenderung.pdf\" target=\"_blank\" rel=\"noopener noreferrer\">G-18\/116 Anlage 2<\/a>: Abgrenzung des Plangebiets der Fl\u00e4chennutzungsplan\u00e4nderung<br \/><a title=\"\" href=\"https:\/\/rettet-dietenbach.de\/wp-content\/uploads\/2019\/01\/G-18-116_Anlage_3_AbgrenzungBebauungsplan.pdf\" target=\"_blank\" rel=\"noopener noreferrer\">G-18\/116 Anlage 3<\/a>: Abgrenzung des Plangebiets des Bebauungsplans<br \/><a title=\"\" href=\"https:\/\/rettet-dietenbach.de\/wp-content\/uploads\/2019\/01\/G-18-116_Beschluss_OR-Lehen_18Jul2018.pdf\" target=\"_blank\" rel=\"noopener noreferrer\">G-18\/116: Beschluss des Ortschaftsrats Lehen 18.07.2018 (Ablehnung)<\/a><\/p>\n<p><a title=\"\" href=\"https:\/\/rettet-dietenbach.de\/wp-content\/uploads\/2019\/01\/G-18_117.pdf\" target=\"_blank\" rel=\"noopener noreferrer\">G-18\/117: SEM Dietenbach \u2013 Vorbereitung und Einleitung vorbereitender Ma\u00dfnahmen<\/a><\/p>\n<p><a title=\"\" href=\"https:\/\/rettet-dietenbach.de\/wp-content\/uploads\/2019\/01\/G-18-117_Anlage_1_Finanzielle-Auswirkungen.pdf\" target=\"_blank\" rel=\"noopener noreferrer\">G-18\/117 Anlage 1<\/a>: Finanzielle Auswirkungen<br \/><a title=\"\" href=\"https:\/\/rettet-dietenbach.de\/wp-content\/uploads\/2019\/01\/G-18-117_Anlage_2_OekopunkteinGrissheim.pdf\" target=\"_blank\" rel=\"noopener noreferrer\">G-18\/117 Anlage 2<\/a>: \u00d6kopunkte-Ma\u00dfnahme Gri\u00dfheim<br \/><a title=\"\" href=\"https:\/\/rettet-dietenbach.de\/wp-content\/uploads\/2019\/01\/G-18-117_Beschluss_OR-Lehen_18Jul2018.pdf\" target=\"_blank\" rel=\"noopener noreferrer\">G-18\/117: Beschluss des Ortschaftsrats Lehen 18.07.2018 (Ablehnung)<\/a><\/p>\n<p><a title=\"\" href=\"https:\/\/rettet-dietenbach.de\/wp-content\/uploads\/2019\/01\/G-18_119.pdf\" target=\"_blank\" rel=\"noopener noreferrer\">G-18\/119: Organisation der SEM Dietenbach<\/a> \u2013 a) Beauftragung eines Entwicklungstr\u00e4gers, b) Einrichtung eines Treuhandkontos, c) \u00c4nderung des \u00a7 15 Abs. 4 Ziff. 7 der Hauptsatzung<\/p>\n<p><a title=\"\" href=\"https:\/\/rettet-dietenbach.de\/wp-content\/uploads\/2019\/01\/G-18-119_Beschluss_OR-Lehen_18Jul2018.pdf\" target=\"_blank\" rel=\"noopener noreferrer\">G-18\/119: Beschluss des Ortschaftsrats Lehen 18.07.2018 (Ablehnung)<\/a><\/p>\n<p><a title=\"\" href=\"https:\/\/rettet-dietenbach.de\/wp-content\/uploads\/2019\/01\/G-18_120.pdf\" target=\"_blank\" rel=\"noopener noreferrer\">G-18\/120: Neuer Stadtteil Dietenbach<\/a><\/p>\n<p><a title=\"\" href=\"https:\/\/rettet-dietenbach.de\/wp-content\/uploads\/2019\/01\/TOP16_Beschlus_24Jul2018.pdf\" target=\"_blank\" rel=\"noopener noreferrer\">G-18\/120: Beschluss<\/a><br \/><a title=\"\" href=\"https:\/\/rettet-dietenbach.de\/wp-content\/uploads\/2019\/01\/G-18-120_Beschluss_OR-Lehen_18Jul2018.pdf\" target=\"_blank\" rel=\"noopener noreferrer\">G-18\/120: Beschluss des Ortschaftsrats Lehen 18.07.2018 (Ablehnung)<\/a><\/p>\n<p><strong><br \/><span style=\"color: #800080;\">GR-Sitzung 20.03.2018<\/span><\/strong><\/p>\n<p><a title=\"\" href=\"https:\/\/rettet-dietenbach.de\/wp-content\/uploads\/2019\/01\/PMStadt6Mrz2018_DietenbachSparkassenkooperation2.pdf\" target=\"_blank\" rel=\"noopener noreferrer\">Pressemitteilung der Stadt 06.03.2018 zur Kooperation mit der Sparkasse<\/a><\/p>\n<p><a title=\"\" href=\"https:\/\/rettet-dietenbach.de\/wp-content\/uploads\/2019\/01\/G-18-039.pdf\" target=\"_blank\" rel=\"noopener noreferrer\">G-18\/039: SEM Dietenbach \u2013 Kooperation mit der Sparkasse<\/a><\/p>\n<p><strong><br \/><span style=\"color: #666699;\">GR-Sitzung 04.04.2017<\/span><\/strong><\/p>\n<p><a title=\"\" href=\"https:\/\/rettet-dietenbach.de\/wp-content\/uploads\/2019\/01\/G-17-078_Einsparungen.pdf\" target=\"_blank\" rel=\"noopener noreferrer\">G-17\/078: SEM Dietenbach \u2013 Einsparungen zur Reduzierung des Defizites<\/a><\/p>\n<p><a title=\"\" href=\"https:\/\/rettet-dietenbach.de\/wp-content\/uploads\/2019\/01\/G-17-078_Anlage_1_einsparKoFi.pdf\" target=\"_blank\" rel=\"noopener noreferrer\">G-17\/078 Anlage: Ans\u00e4tze f\u00fcr KoFi-Einsparpotenziale<\/a><\/p>\n<p><strong><br \/><span style=\"color: #333399;\">GR-Sitzung 06.12.2016<\/span><\/strong><\/p>\n<p><a title=\"\" href=\"https:\/\/rettet-dietenbach.de\/wp-content\/uploads\/2019\/01\/G-16-095_6Dez2016.pdf\" target=\"_blank\" rel=\"noopener noreferrer\">G-16\/095: SEM Dietenbach<\/a> a) Abschluss Vertiefungsstudie im Ma\u00dfstab 1:2.500, b) 1. Fassung Kosten- und Finanzierungs\u00fcbersicht zum neuen Stadtteil, c) Wettbewerbsverfahrend) Aktueller Sachstand (u. a. \u00d6ffentlichkeitsbeteiligung)<\/p>\n<p><a title=\"\" href=\"https:\/\/rettet-dietenbach.de\/wp-content\/uploads\/2019\/01\/G-16-095_Anlage_3_KoFi.pdf\" target=\"_blank\" rel=\"noopener noreferrer\">G-16\/095 Anlage 3 : KoFi f\u00fcr eine SEM Dietenbach<\/a><\/p>\n<p><a title=\"\" href=\"https:\/\/www.freiburg.de\/pb\/site\/Freiburg\/get\/params_E100476202\/1314850\/2017_FDB_Auslobung.pdf\" target=\"_blank\" rel=\"noopener noreferrer\">Auslobung Architektenwettbewerb 2017<\/a> (pdf Download, 30 MB)<\/p>\n<p><strong><br \/><span style=\"color: #000080;\">GR-Sitzung 19.05.2015<\/span><\/strong><\/p>\n<p><a title=\"\" href=\"https:\/\/rettet-dietenbach.de\/wp-content\/uploads\/2019\/01\/G-15-028_Testplanung_2015.pdf\" target=\"_blank\" rel=\"noopener noreferrer\">G-15\/028 Anlage 2: St\u00e4dtebauliche Testplanung<\/a> \u2013 \u201cNeuer Stadtteil Dietenbach\/St. Georgen-West\u201d<\/p>\n<p><a title=\"\" href=\"https:\/\/rettet-dietenbach.de\/wp-content\/uploads\/2019\/10\/G-15-028_Anlage_4_Umgriffserweiterung.pdf\" target=\"_blank\" rel=\"noopener noreferrer\">G-15\/028 Anlage 4: Bekanntmachung \u2013 Beschluss \u00fcber die Erweiterung vorbereitender Untersuchungen im Bereich Dietenbach<\/a> (betrifft u. a. das Langmattenw\u00e4ldchen)<br \/><br \/><\/p>\n<\/div>\n\n\n<hr class=\"wp-block-separator is-style-wide\"\/>\n\n\n\n<div class=\"wp-block-image is-style-default\"><figure class=\"alignleft size-large is-resized\"><img loading=\"lazy\" src=\"https:\/\/dietenbach-ist-ueberall.de\/wp-content\/uploads\/2020\/04\/3-Dietenbach-runter-300dpi-Cut-763x1024.jpg\" alt=\"\" class=\"wp-image-1343\" width=\"763\" height=\"1024\" srcset=\"https:\/\/dietenbach-ist-ueberall.de\/wp-content\/uploads\/2020\/04\/3-Dietenbach-runter-300dpi-Cut-763x1024.jpg 763w, https:\/\/dietenbach-ist-ueberall.de\/wp-content\/uploads\/2020\/04\/3-Dietenbach-runter-300dpi-Cut-223x300.jpg 223w, https:\/\/dietenbach-ist-ueberall.de\/wp-content\/uploads\/2020\/04\/3-Dietenbach-runter-300dpi-Cut-768x1031.jpg 768w, https:\/\/dietenbach-ist-ueberall.de\/wp-content\/uploads\/2020\/04\/3-Dietenbach-runter-300dpi-Cut-1144x1536.jpg 1144w, https:\/\/dietenbach-ist-ueberall.de\/wp-content\/uploads\/2020\/04\/3-Dietenbach-runter-300dpi-Cut-1525x2048.jpg 1525w, https:\/\/dietenbach-ist-ueberall.de\/wp-content\/uploads\/2020\/04\/3-Dietenbach-runter-300dpi-Cut-scaled.jpg 1907w\" sizes=\"(max-width: 706px) 89vw, (max-width: 767px) 82vw, 740px\" \/><\/figure><\/div>\n","protected":false},"excerpt":{"rendered":"<p>HA-Sitzung 11.03.2019 G-19\/080 Anlage 2: Entwurf \u2013 Investitionsprogramm 2018 bis 2022, hier: Dietenbach-relevante Posten G-19\/080 Anlage 2: Entwurf \u2013 Investitionsprogramm 2018 bis 2022 (pdf, 4 MB, 173 Seiten)auf S. 95 findet sich die Angabe: 7,2 Mio Euro Erl\u00f6se aus dem Verkauf von Erbbaugrundst\u00fccken in Haslach-Gartenstadt GR-Sitzung 27.11.2018 G-17\/230: Wohnungssituation in Freiburg \u2013 Analysen, aktueller Bericht, &hellip; <\/p>\n<p class=\"link-more\"><a href=\"https:\/\/dietenbach-ist-ueberall.de\/?page_id=340\" class=\"more-link\"><span class=\"screen-reader-text\">\u201eDrucksachen Gemeinderat\u201c<\/span> weiterlesen<\/a><\/p>\n","protected":false},"author":3,"featured_media":0,"parent":0,"menu_order":0,"comment_status":"closed","ping_status":"closed","template":"","meta":[],"_links":{"self":[{"href":"https:\/\/dietenbach-ist-ueberall.de\/index.php?rest_route=\/wp\/v2\/pages\/340"}],"collection":[{"href":"https:\/\/dietenbach-ist-ueberall.de\/index.php?rest_route=\/wp\/v2\/pages"}],"about":[{"href":"https:\/\/dietenbach-ist-ueberall.de\/index.php?rest_route=\/wp\/v2\/types\/page"}],"author":[{"embeddable":true,"href":"https:\/\/dietenbach-ist-ueberall.de\/index.php?rest_route=\/wp\/v2\/users\/3"}],"replies":[{"embeddable":true,"href":"https:\/\/dietenbach-ist-ueberall.de\/index.php?rest_route=%2Fwp%2Fv2%2Fcomments&post=340"}],"version-history":[{"count":8,"href":"https:\/\/dietenbach-ist-ueberall.de\/index.php?rest_route=\/wp\/v2\/pages\/340\/revisions"}],"predecessor-version":[{"id":1393,"href":"https:\/\/dietenbach-ist-ueberall.de\/index.php?rest_route=\/wp\/v2\/pages\/340\/revisions\/1393"}],"wp:attachment":[{"href":"https:\/\/dietenbach-ist-ueberall.de\/index.php?rest_route=%2Fwp%2Fv2%2Fmedia&parent=340"}],"curies":[{"name":"wp","href":"https:\/\/api.w.org\/{rel}","templated":true}]}}