{"id":212,"date":"2019-08-15T22:35:17","date_gmt":"2019-08-15T20:35:17","guid":{"rendered":"https:\/\/dietenbach-ist-ueberall.de\/?page_id=212"},"modified":"2020-04-29T05:23:31","modified_gmt":"2020-04-29T03:23:31","slug":"offener-brief-an-oberbuergermeister-martin-horn-vom-1-5-2019","status":"publish","type":"page","link":"https:\/\/dietenbach-ist-ueberall.de\/?page_id=212","title":{"rendered":"Offener Brief an Oberb\u00fcrgermeister Martin Horn vom 1.5.2019"},"content":{"rendered":"\n<p style=\"font-size:22px\">Pressemitteilung der B\u00fcrgeraktion (vormals) \u201eRettet Dietenbach&#8220; zum Offenen Brief an Oberb\u00fcrgermeister Martin Horn vom 1.5.2019<\/p>\n\n\n\n<p style=\"font-size:18px\">Unmittelbar nach dem B\u00fcrgerentscheid haben Oberb\u00fcrgermeister Martin Horn und Finanzb\u00fcrgermeister Stefan Breiter wesentliche Versprechungen der Baubef\u00fcrworter, die diese w\u00e4hrend der Debatte anf\u00fchrten, kassiert.<br>Hierdurch sieht sich die B\u00fcrgeraktion (vormals) \u201eRettet Dietenbach&#8220; veranlasst, der Bauverwaltung auf den Zahn zu f\u00fchlen.<br>Es geht vor allem um die 50-Prozent-Sozialquote, aber auch um fehlende Ressourcen f\u00fcr dieses Gro\u00dfprojekt.<br>Weite Teile der Bev\u00f6lkerung zeigen auch zwei Monate nach dem B\u00fcrgentscheid ein gro\u00dfes Interesse an den offenen Fragen.<br>Aus diesen Gr\u00fcnden haben wir diesen Offenen Brief an OB Martin Horn geschrieben.<\/p>\n\n\n\n<p class=\"has-medium-font-size\"><a rel=\"noreferrer noopener\" href=\"https:\/\/dietenbach-ist-ueberall.de\/wp-content\/uploads\/2019\/08\/2019_05_01-Rettet_Dietenbach-Offener_Brief_an_OB_Horn-korr.pdf\" target=\"_blank\"><strong>Offener Brief zum Download<\/strong><\/a><br><br><\/p>\n\n\n\n<hr class=\"wp-block-separator is-style-wide\"\/>\n\n\n\n<div class=\"wp-block-image is-style-default\"><figure class=\"aligncenter size-medium is-resized\"><img loading=\"lazy\" src=\"https:\/\/dietenbach-ist-ueberall.de\/wp-content\/uploads\/2020\/04\/1-Dietenbach-runter-300dpi-Cut-230x300.jpg\" alt=\"\" class=\"wp-image-1341\" width=\"192\" height=\"250\" srcset=\"https:\/\/dietenbach-ist-ueberall.de\/wp-content\/uploads\/2020\/04\/1-Dietenbach-runter-300dpi-Cut-230x300.jpg 230w, https:\/\/dietenbach-ist-ueberall.de\/wp-content\/uploads\/2020\/04\/1-Dietenbach-runter-300dpi-Cut-784x1024.jpg 784w, https:\/\/dietenbach-ist-ueberall.de\/wp-content\/uploads\/2020\/04\/1-Dietenbach-runter-300dpi-Cut-768x1003.jpg 768w, https:\/\/dietenbach-ist-ueberall.de\/wp-content\/uploads\/2020\/04\/1-Dietenbach-runter-300dpi-Cut.jpg 1028w\" sizes=\"(max-width: 192px) 100vw, 192px\" \/><\/figure><\/div>\n","protected":false},"excerpt":{"rendered":"<p>Pressemitteilung der B\u00fcrgeraktion (vormals) \u201eRettet Dietenbach&#8220; zum Offenen Brief an Oberb\u00fcrgermeister Martin Horn vom 1.5.2019 Unmittelbar nach dem B\u00fcrgerentscheid haben Oberb\u00fcrgermeister Martin Horn und Finanzb\u00fcrgermeister Stefan Breiter wesentliche Versprechungen der Baubef\u00fcrworter, die diese w\u00e4hrend der Debatte anf\u00fchrten, kassiert.Hierdurch sieht sich die B\u00fcrgeraktion (vormals) \u201eRettet Dietenbach&#8220; veranlasst, der Bauverwaltung auf den Zahn zu f\u00fchlen.Es geht vor &hellip; <\/p>\n<p class=\"link-more\"><a href=\"https:\/\/dietenbach-ist-ueberall.de\/?page_id=212\" class=\"more-link\"><span class=\"screen-reader-text\">\u201eOffener Brief an Oberb\u00fcrgermeister Martin Horn vom 1.5.2019\u201c<\/span> weiterlesen<\/a><\/p>\n","protected":false},"author":3,"featured_media":0,"parent":0,"menu_order":0,"comment_status":"closed","ping_status":"closed","template":"","meta":[],"_links":{"self":[{"href":"https:\/\/dietenbach-ist-ueberall.de\/index.php?rest_route=\/wp\/v2\/pages\/212"}],"collection":[{"href":"https:\/\/dietenbach-ist-ueberall.de\/index.php?rest_route=\/wp\/v2\/pages"}],"about":[{"href":"https:\/\/dietenbach-ist-ueberall.de\/index.php?rest_route=\/wp\/v2\/types\/page"}],"author":[{"embeddable":true,"href":"https:\/\/dietenbach-ist-ueberall.de\/index.php?rest_route=\/wp\/v2\/users\/3"}],"replies":[{"embeddable":true,"href":"https:\/\/dietenbach-ist-ueberall.de\/index.php?rest_route=%2Fwp%2Fv2%2Fcomments&post=212"}],"version-history":[{"count":11,"href":"https:\/\/dietenbach-ist-ueberall.de\/index.php?rest_route=\/wp\/v2\/pages\/212\/revisions"}],"predecessor-version":[{"id":1347,"href":"https:\/\/dietenbach-ist-ueberall.de\/index.php?rest_route=\/wp\/v2\/pages\/212\/revisions\/1347"}],"wp:attachment":[{"href":"https:\/\/dietenbach-ist-ueberall.de\/index.php?rest_route=%2Fwp%2Fv2%2Fmedia&parent=212"}],"curies":[{"name":"wp","href":"https:\/\/api.w.org\/{rel}","templated":true}]}}