{"id":178,"date":"2019-08-22T22:14:38","date_gmt":"2019-08-22T20:14:38","guid":{"rendered":"https:\/\/dietenbach-ist-ueberall.de\/?page_id=178"},"modified":"2023-05-07T12:44:31","modified_gmt":"2023-05-07T10:44:31","slug":"termine","status":"publish","type":"page","link":"https:\/\/dietenbach-ist-ueberall.de\/?page_id=178","title":{"rendered":"Termine"},"content":{"rendered":"<h3>Aktuelle Termine<\/h3>\n<p>Langer Zeit konnten wir uns wegen der Corona-Pandemie nicht real treffen. Wir berieten uns in Telefon- und Videokonferenzen, um die laufende Entwicklung zu begleiten.<br \/>Wenn wir uns wieder in offenen Pr\u00e4senzsitzungen treffen, werden wir es hier ank\u00fcndigen.<\/p>\n<p>Unsere Treffen finden &#8211; soweit nicht anders angegeben &#8211;<br \/>im Treffpunkt Freiburg, Schwabentorring 2, im Foyer statt .<\/p>\n<p>Bei Interesse kommen Sie einfach unverbindlich zu einem von unseren Treffen! <br \/>Gerne k\u00f6nnen Sie uns auch anschreiben (z. B. per E-Mail), wir senden Ihnen dann weitere Informationen zu. <br \/>Wir w\u00fcrden uns freuen, Sie in unserer Runde begr\u00fc\u00dfen zu d\u00fcrfen.<\/p>\n<p><a href=\"https:\/\/dietenbach-ist-ueberall.de\/wp-content\/uploads\/2019\/09\/Treffpunkt-Stadtplan.png\"><img loading=\"lazy\" class=\"alignnone wp-image-637\" src=\"https:\/\/dietenbach-ist-ueberall.de\/wp-content\/uploads\/2019\/09\/Treffpunkt-Stadtplan.png\" alt=\"\" width=\"476\" height=\"394\" srcset=\"https:\/\/dietenbach-ist-ueberall.de\/wp-content\/uploads\/2019\/09\/Treffpunkt-Stadtplan.png 952w, https:\/\/dietenbach-ist-ueberall.de\/wp-content\/uploads\/2019\/09\/Treffpunkt-Stadtplan-300x248.png 300w, https:\/\/dietenbach-ist-ueberall.de\/wp-content\/uploads\/2019\/09\/Treffpunkt-Stadtplan-768x636.png 768w\" sizes=\"(max-width: 476px) 100vw, 476px\" \/><\/a><\/p>\n<p>Daten von <a href=\"https:\/\/www.openstreetmap.org\/\" target=\"_blank\" rel=\"noopener noreferrer\">OpenStreetMap<\/a> &#8211; Ver\u00f6ffentlicht unter <a href=\"https:\/\/opendatacommons.org\/licenses\/odbl\/\" target=\"_blank\" rel=\"noopener noreferrer\">ODbL<\/a><\/p>\n<hr \/>\n<h3>Vergangene Termine<\/h3>\n<p>Plenum am <strong>05.03.2020<\/strong> (Do.), 19:00 Uhr<\/p>\n<p>Plenum am <strong>06.02.2020<\/strong> (Do.), 19:00 Uhr<\/p>\n<p>Plenum am:<strong data-rich-text-format-boundary=\"true\"> 07.01.2020 <\/strong>(Di.), 19:00 Uhr<\/p>\n<p>Plenum am<strong data-rich-text-format-boundary=\"true\"> 05.12.2019<\/strong> (Do.), 19:00 Uhr<\/p>\n<p>Plenum am<strong> 06.11.2019 <\/strong>(Mi.), 19:00 Uhr\u00a0<\/p>\n<p>Plenum am<strong> 01.10.2019 <\/strong>(Di.), 19:00 Uhr<strong><br \/><\/strong><\/p>\n<p>Plenum am<strong> 04.09.2019<\/strong> (Mi.), 19:00 Uhr<\/p>\n\n\n<p> Plenum am <strong>16.7.2019<\/strong> (Di.), 19:00 Uhr  <\/p>\n\n\n\n<p><strong>11.7.2019<\/strong> (Do.) <strong>18:30 Uhr<\/strong> \/ Prof. Niko Paech (Uni Siegen) und Dieter Seifried (\u00d6ko-Institut Freiburg): <strong>Vortrag und Diskussion<\/strong>: Klimawende schaffen \u2013 wie kann das gehen? Ort: Zimmerei Gr\u00fcnspecht, Hanferstr. 11 (Industriegebiet Hochdorf)<\/p>\n\n\n\n<p><strong>29.6.2019<\/strong> (Sa.) <strong>18:00 Uhr<\/strong> \/<strong> Sommerfest <\/strong>(inklusive Lagerfeuer mit grillen),<br>\n<em>Haltestelle \u201cWonnhalde\u201d<\/em> (Linie 2), Grillstelle Silberdobel<\/p>\n\n\n\n<p> Plenum am <strong>25.6.2019<\/strong> (Di.) 19:00 Uhr  <\/p>\n\n\n\n<p> Plenum am <strong>7.6.2019<\/strong> (Fr.) 19:00 Uhr  <\/p>\n\n\n\n<p> Plenum am <strong>21.5.2019<\/strong> (Di.) 19:00 Uhr  <\/p>\n\n\n\n<p><strong>11.5.<\/strong> (Sa.) <strong>10:15 Uhr<\/strong> \/ Uni, KG 3, HS 3043&nbsp;&nbsp; &amp;<br><strong>20.5.<\/strong> (Mo.) <strong>20:00 Uhr<\/strong> \/ Uni, KG 2, HS 2006<br> <strong>&nbsp;&nbsp;&nbsp;&nbsp;&nbsp;&nbsp;&nbsp;&nbsp; Der Film zum Konflikt um&nbsp; den Riesen-Neubaustadtteil Dietenbach<br> <\/strong><\/p>\n\n\n\n<figure class=\"wp-block-image is-resized\"><img loading=\"lazy\" src=\"http:\/\/ecotrinova.de\/downloads\/2018\/Filmplakat_ImAbseitsvonGreenCity-OktNov2018.jpg\" alt=\"\" width=\"443\" height=\"618\"\/><\/figure>\n\n\n\n<p><\/p>\n","protected":false},"excerpt":{"rendered":"<p>Aktuelle Termine Langer Zeit konnten wir uns wegen der Corona-Pandemie nicht real treffen. Wir berieten uns in Telefon- und Videokonferenzen, um die laufende Entwicklung zu begleiten.Wenn wir uns wieder in offenen Pr\u00e4senzsitzungen treffen, werden wir es hier ank\u00fcndigen. Unsere Treffen finden &#8211; soweit nicht anders angegeben &#8211;im Treffpunkt Freiburg, Schwabentorring 2, im Foyer statt . &hellip; <\/p>\n<p class=\"link-more\"><a href=\"https:\/\/dietenbach-ist-ueberall.de\/?page_id=178\" class=\"more-link\"><span class=\"screen-reader-text\">\u201eTermine\u201c<\/span> weiterlesen<\/a><\/p>\n","protected":false},"author":3,"featured_media":0,"parent":0,"menu_order":0,"comment_status":"closed","ping_status":"closed","template":"","meta":[],"_links":{"self":[{"href":"https:\/\/dietenbach-ist-ueberall.de\/index.php?rest_route=\/wp\/v2\/pages\/178"}],"collection":[{"href":"https:\/\/dietenbach-ist-ueberall.de\/index.php?rest_route=\/wp\/v2\/pages"}],"about":[{"href":"https:\/\/dietenbach-ist-ueberall.de\/index.php?rest_route=\/wp\/v2\/types\/page"}],"author":[{"embeddable":true,"href":"https:\/\/dietenbach-ist-ueberall.de\/index.php?rest_route=\/wp\/v2\/users\/3"}],"replies":[{"embeddable":true,"href":"https:\/\/dietenbach-ist-ueberall.de\/index.php?rest_route=%2Fwp%2Fv2%2Fcomments&post=178"}],"version-history":[{"count":29,"href":"https:\/\/dietenbach-ist-ueberall.de\/index.php?rest_route=\/wp\/v2\/pages\/178\/revisions"}],"predecessor-version":[{"id":1656,"href":"https:\/\/dietenbach-ist-ueberall.de\/index.php?rest_route=\/wp\/v2\/pages\/178\/revisions\/1656"}],"wp:attachment":[{"href":"https:\/\/dietenbach-ist-ueberall.de\/index.php?rest_route=%2Fwp%2Fv2%2Fmedia&parent=178"}],"curies":[{"name":"wp","href":"https:\/\/api.w.org\/{rel}","templated":true}]}}