{"id":1666,"date":"2023-05-07T09:06:56","date_gmt":"2023-05-07T07:06:56","guid":{"rendered":"https:\/\/dietenbach-ist-ueberall.de\/?page_id=1666"},"modified":"2023-06-07T10:20:06","modified_gmt":"2023-06-07T08:20:06","slug":"kleinanzeigen-fakten-check-und-quellen-angaben-2","status":"publish","type":"page","link":"https:\/\/dietenbach-ist-ueberall.de\/?page_id=1666","title":{"rendered":"Kleinanzeige 1 + Fakten-Check und Quellen-Angaben"},"content":{"rendered":"\n<p style=\"font-size:24px\"><strong>Fakten-Check und Quellen-Angaben zur Kleinanzeige 1<\/strong><\/p>\n\n\n\n<p class=\"has-text-align-left has-medium-font-size\">Erschienen in:<\/p>\n\n\n\n<div class=\"wp-block-columns\">\n<div class=\"wp-block-column\">\n<p class=\"has-small-font-size\"><a href=\"https:\/\/www.calameo.com\/read\/005045542a1911ddd806d\" target=\"_blank\" rel=\"noreferrer noopener\">Freiburger Wochenbericht, KW 18, 3. Mai 2023<\/a>, S. 12<br><\/p>\n\n\n\n<figure class=\"wp-block-image size-large\"><img loading=\"lazy\" width=\"1024\" height=\"682\" src=\"https:\/\/dietenbach-ist-ueberall.de\/wp-content\/uploads\/2023\/05\/5-Bild-fuer-KleinAnzeige-BADiue-FWB-3.-Mai-2023-CMYK-591dpi-1024x682.jpg\" alt=\"\" class=\"wp-image-1642\" srcset=\"https:\/\/dietenbach-ist-ueberall.de\/wp-content\/uploads\/2023\/05\/5-Bild-fuer-KleinAnzeige-BADiue-FWB-3.-Mai-2023-CMYK-591dpi-1024x682.jpg 1024w, https:\/\/dietenbach-ist-ueberall.de\/wp-content\/uploads\/2023\/05\/5-Bild-fuer-KleinAnzeige-BADiue-FWB-3.-Mai-2023-CMYK-591dpi-300x200.jpg 300w, https:\/\/dietenbach-ist-ueberall.de\/wp-content\/uploads\/2023\/05\/5-Bild-fuer-KleinAnzeige-BADiue-FWB-3.-Mai-2023-CMYK-591dpi-768x512.jpg 768w, https:\/\/dietenbach-ist-ueberall.de\/wp-content\/uploads\/2023\/05\/5-Bild-fuer-KleinAnzeige-BADiue-FWB-3.-Mai-2023-CMYK-591dpi.jpg 1061w\" sizes=\"(max-width: 767px) 89vw, (max-width: 1000px) 54vw, (max-width: 1071px) 543px, 580px\" \/><figcaption><img loading=\"lazy\" width=\"562\" height=\"441\" class=\"wp-image-1645\" style=\"width: 400px;\" src=\"https:\/\/dietenbach-ist-ueberall.de\/wp-content\/uploads\/2023\/05\/KleinAnzeige-im-FWB-23-05-03-\u2013-001189309-1-Druck-Text.jpg\" alt=\"\" srcset=\"https:\/\/dietenbach-ist-ueberall.de\/wp-content\/uploads\/2023\/05\/KleinAnzeige-im-FWB-23-05-03-\u2013-001189309-1-Druck-Text.jpg 562w, https:\/\/dietenbach-ist-ueberall.de\/wp-content\/uploads\/2023\/05\/KleinAnzeige-im-FWB-23-05-03-\u2013-001189309-1-Druck-Text-300x235.jpg 300w\" sizes=\"(max-width: 562px) 100vw, 562px\" \/><\/figcaption><\/figure>\n<\/div>\n\n\n\n<div class=\"wp-block-column\">\n<p class=\"has-small-font-size\"><a rel=\"noreferrer noopener\" href=\"https:\/\/schnapp.de\/bekanntschaften\/privat\/hab-dich-gesehen\/freiburg-im-breisgau-deutschland\/als-bezahlbare-mieten-wurden-7-10e-m-versprochen-143102\" target=\"_blank\">BZ, Sa. 6. Mai 2023<\/a>, S. a10 + <a rel=\"noreferrer noopener\" href=\"https:\/\/ezeitung.badische-zeitung.de\/issue.act?issueId=993966&amp;issueMutation=FRS&amp;issueDate=20230507&amp;region=FRE\" target=\"_blank\">Der Sonntag, So. 7. Mai<\/a>, S. 10 + <a rel=\"noreferrer noopener\" href=\"https:\/\/schnapp.de\/bekanntschaften\/privat\/hab-dich-gesehen\/freiburg-im-breisgau-deutschland\/als-bezahlbare-mieten-wurden-7-10e-m-versprochen-143102\" data-type=\"URL\" data-id=\"https:\/\/schnapp.de\/bekanntschaften\/privat\/hab-dich-gesehen\/freiburg-im-breisgau-deutschland\/als-bezahlbare-mieten-wurden-7-10e-m-versprochen-143102\" target=\"_blank\">Schnapp, Do. 11. Mai<\/a>, S. 20<\/p>\n\n\n\n<figure class=\"wp-block-image size-full\"><img loading=\"lazy\" width=\"395\" height=\"555\" src=\"https:\/\/dietenbach-ist-ueberall.de\/wp-content\/uploads\/2023\/06\/Anzeige-1b-25-EUR-MIETE-4bblau-Gedruckte-Anzeige-definitive-BZschnapp.de-Cut-fuer-Homepage-2.png\" alt=\"\" class=\"wp-image-1709\" srcset=\"https:\/\/dietenbach-ist-ueberall.de\/wp-content\/uploads\/2023\/06\/Anzeige-1b-25-EUR-MIETE-4bblau-Gedruckte-Anzeige-definitive-BZschnapp.de-Cut-fuer-Homepage-2.png 395w, https:\/\/dietenbach-ist-ueberall.de\/wp-content\/uploads\/2023\/06\/Anzeige-1b-25-EUR-MIETE-4bblau-Gedruckte-Anzeige-definitive-BZschnapp.de-Cut-fuer-Homepage-2-214x300.png 214w\" sizes=\"(max-width: 395px) 100vw, 395px\" \/><\/figure>\n<\/div>\n<\/div>\n\n\n\n<p style=\"font-size:24px\"><strong><span style=\"color:#07a068\" class=\"has-inline-color\">25 \u20ac\/m<sup>2<\/sup> MIETE in Dietenbach:<\/span><\/strong><\/p>\n\n\n\n<div class=\"wp-block-columns\">\n<div class=\"wp-block-column\">\n<p class=\"has-medium-font-size\">Mehrfach wurde darauf hingewiesen, dass die Dietenbach-Mieten im freifinanzierten Wohnungsbau bei ca. 25 \u20ac\/m<sup>2<\/sup> liegen werden. Dies wurde z.B. in der Gemeinderatssitzung vom 31.01.2023 erw\u00e4hnt \u2013 lt. Freie W\u00e4hler.<br><br>Aber schon fr\u00fcher war diese &#8222;Schreckenszahl&#8220; bekannt.<br><strong>2021<\/strong> rechnete Peter Unm\u00fcssig vor (<a rel=\"noreferrer noopener\" href=\"https:\/\/dietenbach-ist-ueberall.de\/wp-content\/uploads\/2023\/05\/SK_KW_4321-211102-Unmuessig-Dietenbach-Seite_5.pdf\" target=\"_blank\">Stadtkurier, 28.10.2021<\/a>, S. 5):<br>Mittlerweile wachse man &#8222;<em>auf 20 \u20ac\/qm Miete<\/em>&#8220; an. Dietenbach bauen sei &#8222;<em>nicht Mietpreis d\u00e4mpfend, sondern Mietpreis treibend.<\/em>&#8220; Und &#8222;<em>das Anspruchsniveau, &#8230; kann so nicht umgesetzt werden.<\/em>&#8220; Es &#8222;<em>weist einen Grundst\u00fccksanteil \/ qm Wohnfl\u00e4che von <strong>1400 \/ 1500 \u20ac<\/strong> aus.<\/em>&#8220; F\u00fcr \u00f6ffentlich gef\u00f6rderten Wohnungsbau k\u00f6nnten &#8222;<em><strong>h\u00f6chstens 700 \u20ac<\/strong> Grundst\u00fccksanteil verkraftet werden<\/em>&#8222;. Das m\u00fcsste &#8222;<em>mit dem frei finanzierten Wohnungsbau subventioniert werden. Das bedeutet im Ergebnis <strong>2200 \u20ac<\/strong> Grundst\u00fccksanteil pro qm Wohnfl\u00e4che. Nur das Grundst\u00fcck!<\/em>&#8220; Das hie\u00dfe dann mit den Baukosten dazu, man k\u00f6nnte &#8222;<em>keine Wohnung mehr erwerben unter <strong>7000 oder 8000 \u20ac<\/strong><\/em>&#8222;. <br>Die Mieten l\u00e4gen dann bei ca. <strong>25 \u20ac\/m<sup>2<\/sup><\/strong>.<br>Der wohlverdienende Mittelstand k\u00f6nne &#8222;<em>sich mit zwei Kindern eine Wohnung mit 100 \u2013 150 qm <strong>nicht leisten<\/strong><\/em>&#8222;.<br>(N.B. Das war noch vor der Corona-Krise und dem Ukrainekrieg!)<br><br>Aktuell, wurden in der j\u00fcngsten Ratssitzung auch Zahlen f\u00fcr <strong>Kleineschholz<\/strong> genannt (<a rel=\"noreferrer noopener\" href=\"https:\/\/www.badische-zeitung.de\/finanzierung-des-neubaugebiets-kleineschholz-geraet-unter-druck--258036785.html\" target=\"_blank\">BZ, 29. April 2023<\/a>, S. 17). Die Freie-W\u00e4hler-Fraktion &#8222;<em>rechnet mit Gestehungskosten von <strong>7000 Euro<\/strong> pro Quadratmeter, was wiederum eine Kostenmiete von <strong>20 Euro<\/strong> pro Quadratmeter bedeute.<\/em>&#8220; Im Gemeinderat hie\u00df es &#8222;<em>die st\u00e4dtische Projektgruppe Kleineschholz <strong><strong>\u2018<\/strong>f\u00e4hrt auf Sicht<strong>\u2019<\/strong><\/strong><\/em>&#8222;. Die Projektgruppe Dietenbach auch \u2013 mindestens!<br>Wohlbemerkt: Die Kosten f\u00fcr Planung, Vorbereitungen und Erschlie\u00dfung sind in Dietenbach deutlich h\u00f6her und risikoreicher, als in Kleineschholz.<br>Aber &#8222;<em>die Voraussetzungen f\u00fcr den Neubau von &#8230; Kleineschholz haben sich verschlechtert.<\/em>&#8220; Es versp\u00e4tet sich (um 2 Jahre) und wird teurer (<a rel=\"noreferrer noopener\" href=\"https:\/\/www.freiburg.de\/pb\/site\/Freiburg\/get\/documents_E-828855660\/freiburg\/daten\/news\/amtsblatt\/pdf\/Amtsblatt_838.pdf\" target=\"_blank\">Amtsblatt Nr. 838, 29. April 2023<\/a>, S. 1). <br>Dazu soll Kleineschholz &#8222;<em>die Probe f\u00fcr Dietenbach<\/em>&#8220; sein. D. h. Dietenbach versp\u00e4tet sich \u2013 auch dadurch \u2013 noch weiter und weiter und wird unberechenbar teurer.<br><br>Die schwindelerregende Kostensteigerung ist \u00fcberall nachzulesen, und <br>die Stadtverwaltung erw\u00e4hnt selber dieses riesige Problem in den GR-Drucksachen bzw. GR-Beschlussvorlagen, z. B. im Januar 2023 (<a rel=\"noreferrer noopener\" href=\"https:\/\/ris.freiburg.de\/vorlagen_details.php?vid=5163011100024\" target=\"_blank\">BESCHLUSS-VORLAGE G-23\/025<\/a>,  S. 5): <br>&#8222;<em>Die <strong>Baukosten<\/strong> sind z. B. im Hochbau um <strong>fast 40 % gestiegen<\/strong>.<\/em>&#8222;<br>Nur 3 Monate sp\u00e4ter, im April 2023, wird der Bauverein Breisgau in der BZ zitiert (s.o. <a rel=\"noreferrer noopener\" href=\"https:\/\/www.badische-zeitung.de\/finanzierung-des-neubaugebiets-kleineschholz-geraet-unter-druck--258036785.html\" target=\"_blank\">BZ, 29. April 2023<\/a>, S. 17): &#8222;<em>Die <strong>Baupreise<\/strong> seien in den vergangenen Monaten um <strong>15,1 Prozent<\/strong> gestiegen, die <strong>Zinsen<\/strong> h\u00e4tten sich [in einem halben Jahr] <strong>vervierfacht<\/strong>.<\/em>&#8222;<br>Anderweitig, diesmal \u00fcber das Kreativquartier in M\u00fcnchen, ist auch \u00e4hnliches zu lesen (<a rel=\"noreferrer noopener\" href=\"https:\/\/www.badische-zeitung.de\/im-freiburger-baugebiet-kleineschholz-kaempfen-hausprojekte-mit-steigenden-kosten\" target=\"_blank\">BZ, 1. Februar 2023<\/a>, S. 17): <br>&#8222;<em>Es rechnet sich nicht mehr, Wohnungen mit g\u00fcnstigen Mieten zu bauen. Die Rahmenbedingungen daf\u00fcr haben sich extrem verschlechtert, auch in Freiburg. Nun schl\u00e4gt die Bauwirtschaft Alarm.<\/em>&#8220; Und weiter: &#8222;<em>Drei von vier Konzeptgewinnern im Kreativquartier haben ihre Grundst\u00fccke <strong>zur\u00fcckgegeben<\/strong>, &#8230; das Syndikatsprojekt &#8230; musste <strong>Insolvenz<\/strong> anmelden. Der Grund: Die Finanzierung ist \u00fcber eine Kostenmiete <strong>nicht mehr zu stemmen<\/strong>.<\/em>&#8220; &#8230; &#8222;<em>Es ist einfache Mathematik, dass sich das <strong>nicht rechnet<\/strong>.<\/em>&#8222;<br>Ein letztes Beispiel (<a rel=\"noreferrer noopener\" href=\"https:\/\/www.badische-zeitung.de\/ideen-aus-wien-fuer-den-stadtteil-haslach\" target=\"_blank\">BZ, 2. Mai 2023<\/a>, S. 19) in &#8222;<em>Haslach: An der Drei-\u00c4hren-Stra\u00dfe sollen drei neu geplante Geb\u00e4ude entstehen<\/em>&#8220; \u2013 so weit, so gut. Aber &#8222;<em>keine Angaben will die Stadtbau zur <strong>Investitionssumme<\/strong> machen: Das sei im aktuellen Marktumfeld <strong>kaum m\u00f6glich<\/strong>.<\/em>&#8220; Trotzdem wird das Bauvorhaben weiter geplant und gebaut. Aber das, was f\u00fcr drei Geb\u00e4ude nicht berechenbar ist, soll f\u00fcr das milliardenschwere Mammut-Projekt Dietenbach ohne Probleme sicher klappen?<br><br>Fazit: 25 \u20ac\/m<sup>2<\/sup> MIETE in Dietenbach scheinen nicht nur plausibel, sondern sogar zu niedrig angesetzt.<br>Die Kosten- und Zinsexplosion (eine &#8222;<em>toxische Gemengelage<\/em>&#8222;) lassen nichts Gutes erwarten.<br><\/p>\n<\/div>\n<\/div>\n\n\n\n<p style=\"font-size:24px\"><strong><span style=\"color:#07a068\" class=\"has-inline-color\">Als bezahlbarer Wohnraum (Mieten) wurden [vor dem B\u00fcrgerentscheid] 7 \u20ac \u2013 10 \u20ac\/m<sup>2<\/sup> versprochen:<\/span><\/strong><\/p>\n\n\n\n<p class=\"has-medium-font-size\">In einer 21-seitigen Brosch\u00fcre\/Prospekt mit &#8222;Fakten&#8220; und Werbung f\u00fcr den neuen Stadtteil Dietenbach (<a rel=\"noreferrer noopener\" href=\"http:\/\/www.spdfraktionfreiburg.de\/wp-content\/uploads\/2019\/02\/Dietenbach_Fakten-und-Infografiken.pdf\" target=\"_blank\">Dietenbach_Fakten-und-Infografiken \u2013 Mehr Fakten als Hektar<\/a>) befinden sich sch\u00f6ne allgemeine Floskeln und damals schon irrealistische Versprechungen, wie Z.B. (Fett von uns):<br><br>&#8222;<em>Der neue Stadtteil ist unverzichtbar, damit Freiburg f\u00fcr <strong>alle<\/strong> Freiburgerinnen und Freiburger <strong>bezahlbar<\/strong>, \u00f6kologisch und lebenswert bleibt.<\/em>&#8220; (S. 5)<em><br><\/em><br>&#8222;<em><strong>bezahlbarer Lebensraum f\u00fcr 15.000 Menschen<\/strong><\/em>&#8220; (S. 12)<br><br>&#8222;<em>Freiburg braucht Dietenbach, um u.a.<br>&#8211; <strong>bezahlbaren Wohnraum<\/strong> zu schaffen<br>&#8211; <strong>f\u00fcr Personen mit kleinen und mittleren<br>Einkommen bezahlbar zu bleiben<\/strong><\/em>&#8220; (S. 12)<\/p>\n\n\n\n<p class=\"has-medium-font-size\">In der Ver\u00f6ffentlichung der Stadt &#8222;<a rel=\"noreferrer noopener\" href=\"https:\/\/docplayer.org\/168361361-Sachstand-der-planung-zum-zeitpunkt-der-einwohner_innenversammlung-am.html\" target=\"_blank\">Sachstand der Planung zum Zeitpunkt der Einwohner_innenversammlung am 11.11.2019<\/a>&#8220; steht schlie\u00dflich die alles entscheidende Frage (und Antwort):<br><br><em>&#8222;Was bedeutet eigentlich <strong>bezahlbares Wohnen?<\/strong><\/em>&#8222;<br>&#8222;&#8230; <em><strong>bezahlbar sind Mietpreise, die zwischen 7 \u20ac\/m<sup>2<\/sup> und 10 \u20ac\/m<sup>2<\/sup> (2018) liegen.<\/strong>&#8222;<\/em> (S. 20)<br><br>Die Versprechungen sind schon l\u00e4ngst verpufft \u2013 lange bevor die ersten Bagger f\u00fcr den 1. Bauabschnitt anrollen.<br><br><\/p>\n\n\n\n<p style=\"font-size:24px\"><strong><span style=\"color:#07a068\" class=\"has-inline-color\">25 \u20ac\/m<sup>2<\/sup> w\u00fcrden den Mietspiegel stark erh\u00f6hen und somit alle Mieten:<\/span><\/strong><\/p>\n\n\n\n<p class=\"has-medium-font-size\">Seit Jahren wurde schon vielfach darauf hingewiesen, dass (sehr) teure Mietpreise den Mietspiegel nach oben mitziehen. Der Mietspiegel beeinflusst wiederum alle anderen Mietpreise, insbesondere die niedrigeren.<br><br>&#8222;<em>Der Knackpunkt ist, dass die Kosten f\u00fcr den sozialen Wohnungsbau durch die frei finanzierten Wohnungen ausgeglichen werden m\u00fcssen.<\/em>&#8222;<br>(s.o. <a rel=\"noreferrer noopener\" href=\"https:\/\/www.badische-zeitung.de\/finanzierung-des-neubaugebiets-kleineschholz-geraet-unter-druck--258036785.html\" target=\"_blank\">BZ, 29. April 2023<\/a>, S. 17)<br><br>Diese bekannte Tatsache bringt die (Miet-)Kostenspirale samt Mietspiegel erst recht zum (Durch-)Drehen. Siehe oben das 2021-Zitat von Peter Unm\u00fcssig im <a rel=\"noreferrer noopener\" href=\"https:\/\/dietenbach-ist-ueberall.de\/wp-content\/uploads\/2023\/05\/SK_KW_4321-211102-Unmuessig-Dietenbach-Seite_5.pdf\" target=\"_blank\">Stadtkurier, 28.10.2021<\/a>, S. 5, \u00fcber die 25 \u20ac\/m<sup>2<\/sup> MIETE in Dietenbach.<br><\/p>\n\n\n\n<p style=\"font-size:24px\"><br><strong><span style=\"color:#07a068\" class=\"has-inline-color\">Die Gesamtschulden der Stadt erreichen bald&nbsp; 2 Mrd. \u20ac:<\/span><\/strong><\/p>\n\n\n\n<p class=\"has-medium-font-size\">Diese (Gesamt-)Schuldenspirale ist deutlich sichtbar in der Drucksache zum &#8222;<em>Doppelhaushalt 2023\/2024: Finanzplanung 2022 bis 2027<\/em>&#8220;  vom 17.03.2023 f\u00fcr die GR-Sitzung am 09.05.2023 <br>(<a rel=\"noreferrer noopener\" href=\"https:\/\/ris.freiburg.de\/vorlagen_details.php?vid=5162702100080\" target=\"_blank\">BESCHLUSS-VORLAGE G-23\/080<\/a>, s. Tabelle auf S. 5)<br>Am wichtigsten in dieser Tabelle ist die untere Zeile: &#8222;<em>Verschuldung Gesamt<\/em>&#8222;.<br><br><\/p>\n\n\n\n<p style=\"font-size:24px\"><strong><span style=\"color:#07a068\" class=\"has-inline-color\">Dazu die kumulierten Schulden f\u00fcr Dietenbach: 427 Mio. \u20ac (2033) + 123 Mio. \u20ac Zinsen:<\/span><\/strong><\/p>\n\n\n\n<p class=\"has-medium-font-size\">Diese Schuldenwerte befinden sich in der Drucksache zur Sonderrechnung (KoFi) Dietenbach f\u00fcr 2023\/2024 vom 31.01.2023<br>(<a rel=\"noreferrer noopener\" href=\"https:\/\/ris.freiburg.de\/vorlagen_details.php?vid=5163011100024\" target=\"_blank\">BESCHLUSS-VORLAGE G-23\/025<\/a>, Ende S. 4 und Anfang S. 5):<br><br>&#8222;<em>\u00dcber die Gesamtlaufzeit der Ma\u00dfnahme bis voraussichtlich <strong>2042<\/strong> fallen nach aktuellem Stand <strong>Kosten in H\u00f6he von ca. 1.248 Mio. \u20ac<\/strong> an.<\/em>&#8220; &#8230; &#8230;<br>&#8222;<em>Bis aus Grundst\u00fccksver\u00e4u\u00dferungen Einnahmen eingehen, wird die Ma\u00dfnahme <strong>\u00fcber Kredite vorfinanziert<\/strong>. In der Spitze (im Jahr <strong>2033<\/strong>) m\u00fcssen ca. <strong>427 Mio. \u20ac vorfinanziert werden<\/strong>. Bei einem aktuell angenommenen Finanzierungszinssatz von durchschnittlich 2,5 % entstehen <strong>Finanzierungskosten<\/strong> in H\u00f6he von ca. <strong>123 Mio. \u20ac<\/strong>.<\/em>&#8222;<br><br>Sollten sich aber &#8222;pl\u00f6tzlich&#8220; unerwartete gro\u00dfe Probleme mit Dietenbach ergeben, steht die Stadt <strong>2033<\/strong> mit einem gigantischen Extra-Schulden-Berg im Wert von <strong>427 Mio. \u20ac<\/strong> da \u2013 Schulden, die die Stadt dann nicht mehr bedienen kann.<br><br>Die BZ schreibt vor dem B\u00fcrgerentscheid (<a rel=\"noreferrer noopener\" href=\"https:\/\/www.badische-zeitung.de\/wie-freiburgs-stadtteil-dietenbach-sich-selbst-finanzieren-soll--165702875.html\" target=\"_blank\">BZ, 4. Februar 2019<\/a>):<br>&#8222;<em>F\u00fcr Dietenbach rechnet die Stadtverwaltung mit <strong>Gesamtkosten<\/strong> von rund<strong> 600 Millionen<\/strong> <strong>Euro<\/strong> \u2013 und das nach Preisen von <strong>2016<\/strong>, die mit einem Inflationszuschlag von drei Prozent pro Jahr <strong>fortgeschrieben<\/strong> werden. \u00dcber die angenommene Laufzeit von rund <strong>20 Jahren<\/strong> werden also <strong>vermutlich mehr als 800 Millionen Euro<\/strong> \u00fcber das eigens eingerichtete Konto flie\u00dfen&#8230;<\/em>&#8222;<br>Fakt ist: statt 600 Millionen im Jahr 2016 und 800 Millionen nach 20 Jahren sind es jetzt schon <strong>1.248 Millionen \u20ac<\/strong> (1,248 Milliarden) <strong>nach nur <\/strong><br><strong>4 Jahren<\/strong>, ohne jegliche Bauaktivit\u00e4t f\u00fcr die neu geplante Bebauung.<br>Also mehr als doppelt so viel, wie vor dem B\u00fcrgerentscheid!<br>Ist das eine vern\u00fcnftige und seri\u00f6se Finanzierung?<br>Bemerkung: Stuttgart 21 hat es geschafft, in 14 Jahren Bauzeit die Kosten zu verdoppeln \u2013 Freiburg mit Dietenbach hat es in nur 4 Jahren ohne Bauen geschafft!<br><br>Angesichts dieser Fakten erscheint die Aussage im Wahlprospekt der Stadt &#8222;<em><a rel=\"noreferrer noopener\" href=\"https:\/\/dietenbach-ist-ueberall.de\/wp-content\/uploads\/2023\/05\/3-Dietenbach_Infoflyer-Dez_2018-Fragen-und-Antworten-zum-BE.pdf\" target=\"_blank\">Fragen und Antworten zum B\u00fcrgerentscheid Dietenbach am 24. Februar 2019<\/a><\/em>&#8220; (vom Dezember 2018) wie eine gut gelungene Pointe:<br><br>&#8222;<em>Wir werden auch den neuen Stadtteil Dietenbach <strong>vern\u00fcnftig und seri\u00f6s finanzieren<\/strong>.&#8220;<\/em> (S. 12)<\/p>\n\n\n\n<p class=\"has-text-align-center has-medium-font-size\">Kommentar dazu:<br><img loading=\"lazy\" width=\"1329\" height=\"2074\" class=\"wp-image-1339\" style=\"width: 250px;\" src=\"https:\/\/dietenbach-ist-ueberall.de\/wp-content\/uploads\/2020\/04\/2b-Dietenbach-finanziell-runter-300dpi-Cut.jpg\" alt=\"\" srcset=\"https:\/\/dietenbach-ist-ueberall.de\/wp-content\/uploads\/2020\/04\/2b-Dietenbach-finanziell-runter-300dpi-Cut.jpg 1329w, https:\/\/dietenbach-ist-ueberall.de\/wp-content\/uploads\/2020\/04\/2b-Dietenbach-finanziell-runter-300dpi-Cut-192x300.jpg 192w, https:\/\/dietenbach-ist-ueberall.de\/wp-content\/uploads\/2020\/04\/2b-Dietenbach-finanziell-runter-300dpi-Cut-656x1024.jpg 656w, https:\/\/dietenbach-ist-ueberall.de\/wp-content\/uploads\/2020\/04\/2b-Dietenbach-finanziell-runter-300dpi-Cut-768x1199.jpg 768w, https:\/\/dietenbach-ist-ueberall.de\/wp-content\/uploads\/2020\/04\/2b-Dietenbach-finanziell-runter-300dpi-Cut-984x1536.jpg 984w, https:\/\/dietenbach-ist-ueberall.de\/wp-content\/uploads\/2020\/04\/2b-Dietenbach-finanziell-runter-300dpi-Cut-1312x2048.jpg 1312w\" sizes=\"(max-width: 767px) 89vw, (max-width: 1000px) 54vw, (max-width: 1071px) 543px, 580px\" \/><\/p>\n\n\n\n<p><\/p>\n","protected":false},"excerpt":{"rendered":"<p>Fakten-Check und Quellen-Angaben zur Kleinanzeige 1 Erschienen in: Freiburger Wochenbericht, KW 18, 3. Mai 2023, S. 12 BZ, Sa. 6. Mai 2023, S. a10 + Der Sonntag, So. 7. Mai, S. 10 + Schnapp, Do. 11. Mai, S. 20 25 \u20ac\/m2 MIETE in Dietenbach: Mehrfach wurde darauf hingewiesen, dass die Dietenbach-Mieten im freifinanzierten Wohnungsbau bei &hellip; <\/p>\n<p class=\"link-more\"><a href=\"https:\/\/dietenbach-ist-ueberall.de\/?page_id=1666\" class=\"more-link\"><span class=\"screen-reader-text\">\u201eKleinanzeige 1 + Fakten-Check und Quellen-Angaben\u201c<\/span> weiterlesen<\/a><\/p>\n","protected":false},"author":2,"featured_media":0,"parent":0,"menu_order":0,"comment_status":"closed","ping_status":"closed","template":"","meta":[],"_links":{"self":[{"href":"https:\/\/dietenbach-ist-ueberall.de\/index.php?rest_route=\/wp\/v2\/pages\/1666"}],"collection":[{"href":"https:\/\/dietenbach-ist-ueberall.de\/index.php?rest_route=\/wp\/v2\/pages"}],"about":[{"href":"https:\/\/dietenbach-ist-ueberall.de\/index.php?rest_route=\/wp\/v2\/types\/page"}],"author":[{"embeddable":true,"href":"https:\/\/dietenbach-ist-ueberall.de\/index.php?rest_route=\/wp\/v2\/users\/2"}],"replies":[{"embeddable":true,"href":"https:\/\/dietenbach-ist-ueberall.de\/index.php?rest_route=%2Fwp%2Fv2%2Fcomments&post=1666"}],"version-history":[{"count":6,"href":"https:\/\/dietenbach-ist-ueberall.de\/index.php?rest_route=\/wp\/v2\/pages\/1666\/revisions"}],"predecessor-version":[{"id":1759,"href":"https:\/\/dietenbach-ist-ueberall.de\/index.php?rest_route=\/wp\/v2\/pages\/1666\/revisions\/1759"}],"wp:attachment":[{"href":"https:\/\/dietenbach-ist-ueberall.de\/index.php?rest_route=%2Fwp%2Fv2%2Fmedia&parent=1666"}],"curies":[{"name":"wp","href":"https:\/\/api.w.org\/{rel}","templated":true}]}}