{"id":1589,"date":"2021-11-07T01:46:56","date_gmt":"2021-11-07T00:46:56","guid":{"rendered":"https:\/\/dietenbach-ist-ueberall.de\/?page_id=1589"},"modified":"2021-11-07T02:49:24","modified_gmt":"2021-11-07T01:49:24","slug":"offener-brief-rolf-baiker","status":"publish","type":"page","link":"https:\/\/dietenbach-ist-ueberall.de\/?page_id=1589","title":{"rendered":"Aktionen &#8211; Offener Brief"},"content":{"rendered":"\n<h4><\/h4>\n\n\n\n<h2><span class=\"has-inline-color has-vivid-red-color\">Der geplante Freiburger Stadtteil Dietenbach als Hochwasserexperiment<\/span><\/h2>\n\n\n\n<p>Die erschreckenden Bilder und Nachrichten von Ahrweiler haben gezeigt, zu welchem Ausma\u00df an Verw\u00fcstung die gewaltigen und unberechenbaren Wassermassen f\u00e4hig sind.<br>Nun soll im \u00dcberschwemmungsgebiet in den Dietenbachniederungen ein neues Baugebiet f\u00fcr 16000 Menschen entstehen. Reichen die Hochwasserschutzma\u00dfnahmen aus?<\/p>\n\n\n\n<p>Bezogen auf den Freiburger Neubaustadtteil Dietenbach war dies auch Thema der <a rel=\"noopener\" href=\"https:\/\/www.zdf.de\/nachrichten\/drehscheibe\/drehscheibe-vom-11-oktober-2021-100.html\" target=\"_blank\"><strong><span class=\"has-inline-color has-vivid-green-cyan-color\">Sendung Drehscheibe<\/span><\/strong><\/a> am 11. Oktober 21 (von Minute 30-34).<br>Noch ein zus\u00e4tzlicher Hinweis von Rolf Baiker zur Sendung Drehscheibe:<br><br><em>Die Dietenbach-Aue ist eine eiszeitliche Flutmulde. Sie dient zur Ableitung von Niederschlagswasser aus dem Schwarzwald ins Rheintal.Die Flutmulde f\u00fchrt das Wasser durch den in der Eiszeit aufgesp\u00fclten Schwemmk\u00f6rper (Schotter, Kiese, Ger\u00f6ll) hindurch. Der neue Stadtteil soll genau in dieser Flutmulde gebaut werden. Sie ist (derzeit noch) \u00dcberschwemmungsgebiet (HQ 100 = \u00a7 76 WHG) und (auch k\u00fcnftig) Hochwasser-Risikogebiet (HQ extrem = \u00a7 78 b WHG). Um die Dietenbach-Aue bebaubar zu machen, soll das Gebiet mit Erdmaterial aufgesch\u00fcttet werden (1,5 Mio m\u00b3 \/ Cheops-Pyramide = 2,5 Mio m\u00b3). Das Hochwasser soll mit einem Flutkanal (35 Meter breit) durch das Baugebiet in Richtung Umkirch abgeleitet werden.<br><\/em><br>F\u00fcr die Wasserwirtschaft gilt: Geomorphologische Flutmulden nicht bebauen, da extremer Niederschlag rechnerisch nicht beherrschbar ist.<br><br>Rolf Baiker, Diplom-Ingenieur f\u00fcr Wasserwirtschaft, erl\u00e4utert in einem <a rel=\"noreferrer noopener\" href=\"https:\/\/dietenbach-ist-ueberall.de\/wp-content\/uploads\/2021\/11\/Kein-Bauen-in-Auen-30.7.21.pdf\" target=\"_blank\"><span class=\"has-inline-color has-vivid-green-cyan-color\"><strong>Offenen Brief<\/strong><\/span><\/a> an die Verantwortlichen der Stadt Freiburg, wieso die Einhaltung des Mindeststandards uns in eine tr\u00fcgerische Sicherheit wiegt.<br>Bei extremen Starkregen versperrt der aufgesch\u00fcttete Neubaustadtteil den Hochwasserabfluss. Dieser R\u00fcckstau birgt&nbsp; die Gefahr der \u00dcberflutung ganzer Stadteile. Da Starkregen oft punktuell auftritt, kann dieser durch die \u00fcblichen fl\u00e4chenm\u00e4\u00dfig begrenzten Hochwasserschutzma\u00dfnahmen nicht ausreichend aufgefangen werden.<br><br><\/p>\n\n\n\n<p>Neubau-Stadtteil<br>im Hochwasser-Flutgebiet \u2013 OFFENER BRIEF<\/p>\n\n\n\n<p>Sehr geehrte Damen und Herren, liebe Freunde,<\/p>\n\n\n\n<p>in Freiburg (\u00d6ko-Hauptstadt 1992) soll in einem \u00dcberschwemmungsgebiet (Hochwasser-Risikogebiet) der Stadtteil Dietenbach f\u00fcr 16.000 Menschen entstehen. Der neue Stadtteil w\u00fcrde dem Hochwasserabfluss von den Schwarzwald-Bergen in das Rheintal den Weg versperren.<br><br>Ein Offener Brief richtet sich jetzt an die Verantwortlichen in der Stadt <a href=\"https:\/\/dietenbach-ist-ueberall.de\/wp-content\/uploads\/2021\/11\/Kein-Bauen-in-Auen-30.7.21.pdf\" target=\"_blank\" rel=\"noreferrer noopener\"><span class=\"has-inline-color has-vivid-green-cyan-color\"><strong>(Anlage)<\/strong><\/span><\/a>.<\/p>\n\n\n\n<p>Die Bilder der Hochwasser-Katastrophen f\u00fchren in Freiburg offenbar zu keinem Umdenken. Die Stadtverwaltung \u201eh\u00e4lt die Hochwasserfrage bei Dietenbach f\u00fcr gel\u00f6st\u201c (Badische Zeitung vom 21. Juli) \u2013 auch jetzt noch, nach den Erfahrungen mit den extremen Starkregen-Ereignissen. Der Baub\u00fcrgermeister, angesprochen auf das Dietenbach-Projekt, sagte im Interview: \u201e\u2026 das m\u00fcsste uns jetzt noch einmal mehr zum Nachdenken bringen.\u201c (SWR Aktuell vom 20. Juli, 19.30 Uhr).<\/p>\n\n\n\n<p>Nachdenken reicht nicht aus. Wenn auch f\u00fcr Sie ein Umdenken notwendig ist, dann wenden Sie sich bitte an Herrn Oberb\u00fcrgermeister Martin Horn.<\/p>\n\n\n\n<p>Ich sende Ihnen hier den Offenen Brief. Diesen Brief bitte an viele Menschen auf allen Wegen weitergeben und \u2013 wo Sie k\u00f6nnen \u2013 bitte aktiv mitmachen bei der Aktion \u201eDie Aue geh\u00f6rt dem Fluss\u201c. Vielen Dank.<\/p>\n\n\n\n<p>Freundliche Gr\u00fc\u00dfe<br>Rolf Baiker<\/p>\n\n\n\n<p><br><br><br><br><br><span style=\"font-size: medium;\"><br><\/span><\/p>\n\n\n\n\n\n<p><\/p>\n","protected":false},"excerpt":{"rendered":"<p>Der geplante Freiburger Stadtteil Dietenbach als Hochwasserexperiment Die erschreckenden Bilder und Nachrichten von Ahrweiler haben gezeigt, zu welchem Ausma\u00df an Verw\u00fcstung die gewaltigen und unberechenbaren Wassermassen f\u00e4hig sind.Nun soll im \u00dcberschwemmungsgebiet in den Dietenbachniederungen ein neues Baugebiet f\u00fcr 16000 Menschen entstehen. Reichen die Hochwasserschutzma\u00dfnahmen aus? Bezogen auf den Freiburger Neubaustadtteil Dietenbach war dies auch Thema &hellip; <\/p>\n<p class=\"link-more\"><a href=\"https:\/\/dietenbach-ist-ueberall.de\/?page_id=1589\" class=\"more-link\"><span class=\"screen-reader-text\">\u201eAktionen &#8211; Offener Brief\u201c<\/span> weiterlesen<\/a><\/p>\n","protected":false},"author":3,"featured_media":0,"parent":0,"menu_order":0,"comment_status":"closed","ping_status":"closed","template":"","meta":[],"_links":{"self":[{"href":"https:\/\/dietenbach-ist-ueberall.de\/index.php?rest_route=\/wp\/v2\/pages\/1589"}],"collection":[{"href":"https:\/\/dietenbach-ist-ueberall.de\/index.php?rest_route=\/wp\/v2\/pages"}],"about":[{"href":"https:\/\/dietenbach-ist-ueberall.de\/index.php?rest_route=\/wp\/v2\/types\/page"}],"author":[{"embeddable":true,"href":"https:\/\/dietenbach-ist-ueberall.de\/index.php?rest_route=\/wp\/v2\/users\/3"}],"replies":[{"embeddable":true,"href":"https:\/\/dietenbach-ist-ueberall.de\/index.php?rest_route=%2Fwp%2Fv2%2Fcomments&post=1589"}],"version-history":[{"count":29,"href":"https:\/\/dietenbach-ist-ueberall.de\/index.php?rest_route=\/wp\/v2\/pages\/1589\/revisions"}],"predecessor-version":[{"id":1627,"href":"https:\/\/dietenbach-ist-ueberall.de\/index.php?rest_route=\/wp\/v2\/pages\/1589\/revisions\/1627"}],"wp:attachment":[{"href":"https:\/\/dietenbach-ist-ueberall.de\/index.php?rest_route=%2Fwp%2Fv2%2Fmedia&parent=1589"}],"curies":[{"name":"wp","href":"https:\/\/api.w.org\/{rel}","templated":true}]}}