{"id":1358,"date":"2019-09-22T16:24:41","date_gmt":"2019-09-22T14:24:41","guid":{"rendered":"https:\/\/dietenbach-ist-ueberall.de\/?page_id=1358"},"modified":"2020-06-09T19:54:22","modified_gmt":"2020-06-09T17:54:22","slug":"antrag-auf-einwohnerversammlung-2-2","status":"publish","type":"page","link":"https:\/\/dietenbach-ist-ueberall.de\/?page_id=1358","title":{"rendered":"Aktionen"},"content":{"rendered":"<hr \/>\n<div class=\"entry-content\">\n<h2 id=\"Die Online-Petition zu Dietenbach\" style=\"text-align: center;\"><span style=\"color: #993300;\"><br \/>\nDie Online-Petition zu Dietenbach<\/span><\/h2>\n<p>Zwischen dem Stadtteil Rieselfeld und dem Dietenbachareal sollen nach Planungen der Stadt Freiburg mehr als 3700 B\u00e4ume auf einer Fl\u00e4che von rund 50.000 Quadratmeter gerodet werden.\u00a0 Um diesem Vorhaben etwas entgegenzusetzten, wurde diese <span style=\"color: #993300;\"><strong><a style=\"color: #993300;\" href=\"https:\/\/www.change.org\/p\/oberb%C3%BCrgermeister-martin-horn-und-gemeinderat-der-stadt-freiburg-im-breisgau-keine-waldrodung-zwischen-rieselfeld-und-dietenbach-klima-naturschutz-statt-kahlschlag\" target=\"_blank\" rel=\"noopener noreferrer\"><span style=\"color: #000000;\">Petition<\/span><\/a><\/strong><\/span> gestartet. Sch\u00f6n w\u00e4re, wenn Sie uns hierbei <a href=\"https:\/\/dietenbach-ist-ueberall.de\/?page_id=303\" target=\"_blank\" rel=\"noopener noreferrer\">unterst\u00fctzen<\/a> k\u00f6nnen.<\/p>\n<hr \/>\n<\/div>\n<h2 style=\"text-align: center;\"><span style=\"color: #993300;\">Die Baum-Markierungsaktion<\/span><\/h2>\n<p>Baum-Markierungsaktion ist gestartet \u2013 Machen Sie mit!<\/p>\n<p>Wir sind flei\u00dfig dabei, die B\u00e4ume der Waldfl\u00e4chen bei Rieselfeld \/ Dietenbach, die gerodet werden sollen, durchzunummerieren. Wir sind ausgestattet mit Schablonen und Farben. Was uns noch fehlt sind ehrenamtliche Helfer*Innen. Bei Interesse bitte melden bei Martin Gn\u00e4dinger (Mobil: +49 177 8711883).<br \/>\nWir freuen uns \u00fcber Unterst\u00fctzung!<\/p>\n<p><strong><a href=\"https:\/\/dietenbach-ist-ueberall.de\/?page_id=1249\" target=\"_blank\" rel=\"noreferrer noopener\" aria-label=\"Baum-Markierungsaktion Fotogalerie (\u00f6ffnet in neuem Tab)\" data-rich-text-format-boundary=\"true\">Baum-Markierungsaktion Fotogalerie<\/a><\/strong><\/p>\n<p>Weitere Informationen \u00fcber die vorgesehene Rodung dieser Waldfl\u00e4chen:<\/p>\n<p><a href=\"https:\/\/dietenbach-ist-ueberall.de\/?page_id=844\" target=\"_top\" rel=\"noopener noreferrer\"><strong>Dietenbachs Waldfl\u00e4chen<\/strong><\/a><\/p>\n<div class=\"entry-content\">\n<hr \/>\n<h2 id=\"Die st\u00e4dtische Einwohnerversammlung zu Dietenbach\" style=\"text-align: center;\"><span style=\"color: #993300;\">Die Einwohnerversammlung zu Dietenbach<\/span><\/h2>\n<\/div>\n<p style=\"text-align: left;\">Hier finden Sie ausf\u00fchrliche Informationen zur <span data-rich-text-format-boundary=\"true\">Einwohnerversammlung<\/span> zu Dietenbach am 11.11.2019 und zu <span data-rich-text-format-boundary=\"true\">unserer Unterschriftensammlung zur Durchf\u00fchrung einer Einwohnerversammlung<\/span>:<\/p>\n<p><a href=\"https:\/\/dietenbach-ist-ueberall.de\/?page_id=1356\" target=\"_blank\" rel=\"noopener noreferrer\"><strong>Einwohnerversammlung zu Dietenbach<\/strong><\/a><\/p>\n<hr \/>\n<h2 style=\"text-align: center;\"><span style=\"color: #993300;\">Offener Brief an Oberb\u00fcrgermeister Martin Horn vom 1.5.2019<\/span><\/h2>\n<p>Hier finden Sie die Pressemitteilung zum Offenen Brief an Oberb\u00fcrgermeister Martin Horn vom 1.5.2019 und den Offenen Brief zum Downloaden:<\/p>\n<p><a href=\"https:\/\/dietenbach-ist-ueberall.de\/?page_id=212\" target=\"_blank\" rel=\"noopener noreferrer\"><strong>Offener Brief an Oberb\u00fcrgermeister Martin Horn<\/strong><\/a><\/p>\n","protected":false},"excerpt":{"rendered":"<p>Die Online-Petition zu Dietenbach Zwischen dem Stadtteil Rieselfeld und dem Dietenbachareal sollen nach Planungen der Stadt Freiburg mehr als 3700 B\u00e4ume auf einer Fl\u00e4che von rund 50.000 Quadratmeter gerodet werden.\u00a0 Um diesem Vorhaben etwas entgegenzusetzten, wurde diese Petition gestartet. Sch\u00f6n w\u00e4re, wenn Sie uns hierbei unterst\u00fctzen k\u00f6nnen. Die Baum-Markierungsaktion Baum-Markierungsaktion ist gestartet \u2013 Machen Sie &hellip; <\/p>\n<p class=\"link-more\"><a href=\"https:\/\/dietenbach-ist-ueberall.de\/?page_id=1358\" class=\"more-link\"><span class=\"screen-reader-text\">\u201eAktionen\u201c<\/span> weiterlesen<\/a><\/p>\n","protected":false},"author":2,"featured_media":0,"parent":0,"menu_order":0,"comment_status":"closed","ping_status":"closed","template":"","meta":[],"_links":{"self":[{"href":"https:\/\/dietenbach-ist-ueberall.de\/index.php?rest_route=\/wp\/v2\/pages\/1358"}],"collection":[{"href":"https:\/\/dietenbach-ist-ueberall.de\/index.php?rest_route=\/wp\/v2\/pages"}],"about":[{"href":"https:\/\/dietenbach-ist-ueberall.de\/index.php?rest_route=\/wp\/v2\/types\/page"}],"author":[{"embeddable":true,"href":"https:\/\/dietenbach-ist-ueberall.de\/index.php?rest_route=\/wp\/v2\/users\/2"}],"replies":[{"embeddable":true,"href":"https:\/\/dietenbach-ist-ueberall.de\/index.php?rest_route=%2Fwp%2Fv2%2Fcomments&post=1358"}],"version-history":[{"count":9,"href":"https:\/\/dietenbach-ist-ueberall.de\/index.php?rest_route=\/wp\/v2\/pages\/1358\/revisions"}],"predecessor-version":[{"id":1449,"href":"https:\/\/dietenbach-ist-ueberall.de\/index.php?rest_route=\/wp\/v2\/pages\/1358\/revisions\/1449"}],"wp:attachment":[{"href":"https:\/\/dietenbach-ist-ueberall.de\/index.php?rest_route=%2Fwp%2Fv2%2Fmedia&parent=1358"}],"curies":[{"name":"wp","href":"https:\/\/api.w.org\/{rel}","templated":true}]}}