{"id":1276,"date":"2020-04-21T16:34:01","date_gmt":"2020-04-21T14:34:01","guid":{"rendered":"https:\/\/dietenbach-ist-ueberall.de\/?page_id=1276"},"modified":"2020-04-29T12:40:38","modified_gmt":"2020-04-29T10:40:38","slug":"klagen","status":"publish","type":"page","link":"https:\/\/dietenbach-ist-ueberall.de\/?page_id=1276","title":{"rendered":"Klagen"},"content":{"rendered":"\n<p class=\"has-text-align-center\"><strong>Spendenaktion Klage gegen Neubaustadtteil Dietenbach<\/strong><br>Starkregen, D\u00fcrren, Ernteausf\u00e4lle, Artenverlust und Baumsterben\u2026<br>die Klimakrise ist da. Und die Politik macht weiter wie bisher.<br>Wir m\u00fcssen unser Verhalten \u00e4ndern, viel Zeit bleibt nicht mehr.<br>Bitte unterst\u00fctzen Sie uns beim Erhalt Dietenbach<\/p>\n\n\n\n<p class=\"has-text-align-center\">Flyer zur Spendenaktion Klage:<\/p>\n\n\n\n<p class=\"has-text-align-center\"><a rel=\"noreferrer noopener\" href=\"https:\/\/dietenbach-ist-ueberall.de\/wp-content\/uploads\/2020\/04\/Spendenaufruf_1_Klagefinanzierung_Dietenbach.pdf\" target=\"_blank\">Flyer 1 zum Download<\/a><br><a rel=\"noreferrer noopener\" href=\"https:\/\/dietenbach-ist-ueberall.de\/wp-content\/uploads\/2020\/04\/Spendenaufruf_2_Klagefinanzierung_Dietenbach.pdf\" target=\"_blank\">Flyer 2 zum Download<\/a><\/p>\n\n\n\n<p class=\"has-text-align-center\"><br> Vereinigungen vom RegioB\u00fcndnis pro Landwirtschaft, Natur und \u00f6kosoziales Wohnen<br>aus Freiburg und Region lehnen den Neubaustadtteil ab und starten diesen Aufruf,<br>ideell unterst\u00fctzt von der B\u00fcrgeraktion Dietenbach ist \u00fcberall.<br><\/p>\n\n\n\n<p class=\"has-text-align-center\"><strong>Treuhandkonto Amann und J\u00f6rger GmbH, Wirtschaftspr\u00fcfungsgesellschaft (Treuh\u00e4nder)<br>bei der Sparkasse Wiesental, IBAN DE16 6835 1557 0018 0079 14 \u00b7 Stichwort \u201eDietenbach erhalten\u201c<\/strong><\/p>\n\n\n\n<p class=\"has-text-align-center\"><br>Mit der Angabe Ihrer E-Mailadresse oder Postanschrift auf dem \u00dcberweisungstr\u00e4ger geben Sie Ihr Einverst\u00e4ndnis, dass wir die Daten zum Zwecke der Zusendung weiterer Informationen speichern. Gem\u00e4\u00df Zweck des Treuhandvertrages werden die Spenden zur Finanzierung der Anwalts- und Gerichtskosten und damit im Zusammenhang stehenden Ausgaben verwendet.<br><\/p>\n\n\n\n<p class=\"has-text-align-center\"><strong>Kleinspenden bis \u20ac 20,\u2013 bitte direkt auf das Konto der BI Pro Landwirtschaft und Wald,<br>Volksbank Freiburg, DE60 6809 0000 0040 3299 00.<br>Spenden steuerlich nicht absetzbar.<\/strong><br><\/p>\n\n\n\n<p class=\"has-text-align-left\">Danke!<br>MEHR Info: www.regiobuendnis.de, www.biprolandwirtschaft.de, www.ecotrinova.de<br>Herausgeber: BI pro Landwirtschaft und Wald in Freiburg Dietenbach &amp; Regio, ECOtrinova e.V., Lernort Kunzenhof e.V., Klimab\u00fcndnis Freiburg, NABU Dreisamtal e.V., Post alle bei RegioB\u00fcndnis pro Landwirtschaft, Natur und \u00f6kosoziales Wohnen bei Treffpunkt Freiburg.<br>Unterst\u00fctzt: von der B\u00fcrgeraktion Dietenbach ist \u00fcberall, Post bei Treffpunkt Freiburg, Schwabentorring 2, 79098 Freiburg i.Br.<\/p>\n","protected":false},"excerpt":{"rendered":"<p>Spendenaktion Klage gegen Neubaustadtteil DietenbachStarkregen, D\u00fcrren, Ernteausf\u00e4lle, Artenverlust und Baumsterben\u2026die Klimakrise ist da. Und die Politik macht weiter wie bisher.Wir m\u00fcssen unser Verhalten \u00e4ndern, viel Zeit bleibt nicht mehr.Bitte unterst\u00fctzen Sie uns beim Erhalt Dietenbach Flyer zur Spendenaktion Klage: Flyer 1 zum DownloadFlyer 2 zum Download Vereinigungen vom RegioB\u00fcndnis pro Landwirtschaft, Natur und \u00f6kosoziales Wohnenaus &hellip; <\/p>\n<p class=\"link-more\"><a href=\"https:\/\/dietenbach-ist-ueberall.de\/?page_id=1276\" class=\"more-link\"><span class=\"screen-reader-text\">\u201eKlagen\u201c<\/span> weiterlesen<\/a><\/p>\n","protected":false},"author":1,"featured_media":0,"parent":0,"menu_order":0,"comment_status":"closed","ping_status":"closed","template":"","meta":[],"_links":{"self":[{"href":"https:\/\/dietenbach-ist-ueberall.de\/index.php?rest_route=\/wp\/v2\/pages\/1276"}],"collection":[{"href":"https:\/\/dietenbach-ist-ueberall.de\/index.php?rest_route=\/wp\/v2\/pages"}],"about":[{"href":"https:\/\/dietenbach-ist-ueberall.de\/index.php?rest_route=\/wp\/v2\/types\/page"}],"author":[{"embeddable":true,"href":"https:\/\/dietenbach-ist-ueberall.de\/index.php?rest_route=\/wp\/v2\/users\/1"}],"replies":[{"embeddable":true,"href":"https:\/\/dietenbach-ist-ueberall.de\/index.php?rest_route=%2Fwp%2Fv2%2Fcomments&post=1276"}],"version-history":[{"count":4,"href":"https:\/\/dietenbach-ist-ueberall.de\/index.php?rest_route=\/wp\/v2\/pages\/1276\/revisions"}],"predecessor-version":[{"id":1391,"href":"https:\/\/dietenbach-ist-ueberall.de\/index.php?rest_route=\/wp\/v2\/pages\/1276\/revisions\/1391"}],"wp:attachment":[{"href":"https:\/\/dietenbach-ist-ueberall.de\/index.php?rest_route=%2Fwp%2Fv2%2Fmedia&parent=1276"}],"curies":[{"name":"wp","href":"https:\/\/api.w.org\/{rel}","templated":true}]}}