{"id":1249,"date":"2020-03-17T07:20:45","date_gmt":"2020-03-17T06:20:45","guid":{"rendered":"https:\/\/dietenbach-ist-ueberall.de\/?page_id=1249"},"modified":"2020-03-17T08:09:40","modified_gmt":"2020-03-17T07:09:40","slug":"baum-markierungsaktion-fotogalerie","status":"publish","type":"page","link":"https:\/\/dietenbach-ist-ueberall.de\/?page_id=1249","title":{"rendered":"Baum-Markierungsaktion Fotogalerie"},"content":{"rendered":"\n<p class=\"has-medium-font-size\">Fotos der Baum-Markierungsaktion am Samstag 7. M\u00e4rz 2020.<br> (Alle Fotos k\u00f6nnen durch Klicken vergr\u00f6\u00dfert werden.)<\/p>\n\n\n\n<p><br><br>Aufnahmen im s\u00fcd\u00f6stlichen Teil des Langmattenw\u00e4ldchens:<\/p>\n\n\n\n<figure class=\"wp-block-gallery columns-1\"><ul class=\"blocks-gallery-grid\"><li class=\"blocks-gallery-item\"><figure><a href=\"https:\/\/dietenbach-ist-ueberall.de\/wp-content\/uploads\/2020\/03\/P1100907-scaled.jpg\"><img loading=\"lazy\" width=\"1024\" height=\"681\" src=\"https:\/\/dietenbach-ist-ueberall.de\/wp-content\/uploads\/2020\/03\/P1100907-1024x681.jpg\" alt=\"\" data-id=\"1206\" data-full-url=\"https:\/\/dietenbach-ist-ueberall.de\/wp-content\/uploads\/2020\/03\/P1100907-scaled.jpg\" data-link=\"https:\/\/dietenbach-ist-ueberall.de\/?attachment_id=1206\" class=\"wp-image-1206\" srcset=\"https:\/\/dietenbach-ist-ueberall.de\/wp-content\/uploads\/2020\/03\/P1100907-1024x681.jpg 1024w, https:\/\/dietenbach-ist-ueberall.de\/wp-content\/uploads\/2020\/03\/P1100907-300x200.jpg 300w, https:\/\/dietenbach-ist-ueberall.de\/wp-content\/uploads\/2020\/03\/P1100907-768x511.jpg 768w, https:\/\/dietenbach-ist-ueberall.de\/wp-content\/uploads\/2020\/03\/P1100907-1536x1021.jpg 1536w, https:\/\/dietenbach-ist-ueberall.de\/wp-content\/uploads\/2020\/03\/P1100907-2048x1362.jpg 2048w\" sizes=\"(max-width: 767px) 89vw, (max-width: 1000px) 54vw, (max-width: 1071px) 543px, 580px\" \/><\/a><\/figure><\/li><li class=\"blocks-gallery-item\"><figure><a href=\"https:\/\/dietenbach-ist-ueberall.de\/wp-content\/uploads\/2020\/03\/P1100911-scaled.jpg\"><img loading=\"lazy\" width=\"1024\" height=\"681\" src=\"https:\/\/dietenbach-ist-ueberall.de\/wp-content\/uploads\/2020\/03\/P1100911-1024x681.jpg\" alt=\"\" data-id=\"1204\" data-full-url=\"https:\/\/dietenbach-ist-ueberall.de\/wp-content\/uploads\/2020\/03\/P1100911-scaled.jpg\" data-link=\"https:\/\/dietenbach-ist-ueberall.de\/?attachment_id=1204\" class=\"wp-image-1204\" srcset=\"https:\/\/dietenbach-ist-ueberall.de\/wp-content\/uploads\/2020\/03\/P1100911-1024x681.jpg 1024w, https:\/\/dietenbach-ist-ueberall.de\/wp-content\/uploads\/2020\/03\/P1100911-300x200.jpg 300w, https:\/\/dietenbach-ist-ueberall.de\/wp-content\/uploads\/2020\/03\/P1100911-768x511.jpg 768w, https:\/\/dietenbach-ist-ueberall.de\/wp-content\/uploads\/2020\/03\/P1100911-1536x1021.jpg 1536w, https:\/\/dietenbach-ist-ueberall.de\/wp-content\/uploads\/2020\/03\/P1100911-2048x1362.jpg 2048w\" sizes=\"(max-width: 767px) 89vw, (max-width: 1000px) 54vw, (max-width: 1071px) 543px, 580px\" \/><\/a><\/figure><\/li><li class=\"blocks-gallery-item\"><figure><a href=\"https:\/\/dietenbach-ist-ueberall.de\/wp-content\/uploads\/2020\/03\/P1100914-scaled.jpg\"><img loading=\"lazy\" width=\"1024\" height=\"681\" src=\"https:\/\/dietenbach-ist-ueberall.de\/wp-content\/uploads\/2020\/03\/P1100914-1024x681.jpg\" alt=\"\" data-id=\"1211\" data-full-url=\"https:\/\/dietenbach-ist-ueberall.de\/wp-content\/uploads\/2020\/03\/P1100914-scaled.jpg\" data-link=\"https:\/\/dietenbach-ist-ueberall.de\/?attachment_id=1211\" class=\"wp-image-1211\" srcset=\"https:\/\/dietenbach-ist-ueberall.de\/wp-content\/uploads\/2020\/03\/P1100914-1024x681.jpg 1024w, https:\/\/dietenbach-ist-ueberall.de\/wp-content\/uploads\/2020\/03\/P1100914-300x200.jpg 300w, https:\/\/dietenbach-ist-ueberall.de\/wp-content\/uploads\/2020\/03\/P1100914-768x511.jpg 768w, https:\/\/dietenbach-ist-ueberall.de\/wp-content\/uploads\/2020\/03\/P1100914-1536x1021.jpg 1536w, https:\/\/dietenbach-ist-ueberall.de\/wp-content\/uploads\/2020\/03\/P1100914-2048x1362.jpg 2048w\" sizes=\"(max-width: 767px) 89vw, (max-width: 1000px) 54vw, (max-width: 1071px) 543px, 580px\" \/><\/a><\/figure><\/li><li class=\"blocks-gallery-item\"><figure><a href=\"https:\/\/dietenbach-ist-ueberall.de\/wp-content\/uploads\/2020\/03\/P1100916-scaled.jpg\"><img loading=\"lazy\" width=\"1024\" height=\"681\" src=\"https:\/\/dietenbach-ist-ueberall.de\/wp-content\/uploads\/2020\/03\/P1100916-1024x681.jpg\" alt=\"\" data-id=\"1213\" data-full-url=\"https:\/\/dietenbach-ist-ueberall.de\/wp-content\/uploads\/2020\/03\/P1100916-scaled.jpg\" data-link=\"https:\/\/dietenbach-ist-ueberall.de\/?attachment_id=1213\" class=\"wp-image-1213\" srcset=\"https:\/\/dietenbach-ist-ueberall.de\/wp-content\/uploads\/2020\/03\/P1100916-1024x681.jpg 1024w, https:\/\/dietenbach-ist-ueberall.de\/wp-content\/uploads\/2020\/03\/P1100916-300x200.jpg 300w, https:\/\/dietenbach-ist-ueberall.de\/wp-content\/uploads\/2020\/03\/P1100916-768x511.jpg 768w, https:\/\/dietenbach-ist-ueberall.de\/wp-content\/uploads\/2020\/03\/P1100916-1536x1021.jpg 1536w, https:\/\/dietenbach-ist-ueberall.de\/wp-content\/uploads\/2020\/03\/P1100916-2048x1362.jpg 2048w\" sizes=\"(max-width: 767px) 89vw, (max-width: 1000px) 54vw, (max-width: 1071px) 543px, 580px\" \/><\/a><\/figure><\/li><li class=\"blocks-gallery-item\"><figure><a href=\"https:\/\/dietenbach-ist-ueberall.de\/wp-content\/uploads\/2020\/03\/P1100917-scaled.jpg\"><img loading=\"lazy\" width=\"1024\" height=\"681\" src=\"https:\/\/dietenbach-ist-ueberall.de\/wp-content\/uploads\/2020\/03\/P1100917-1024x681.jpg\" alt=\"\" data-id=\"1214\" data-full-url=\"https:\/\/dietenbach-ist-ueberall.de\/wp-content\/uploads\/2020\/03\/P1100917-scaled.jpg\" data-link=\"https:\/\/dietenbach-ist-ueberall.de\/?attachment_id=1214\" class=\"wp-image-1214\" srcset=\"https:\/\/dietenbach-ist-ueberall.de\/wp-content\/uploads\/2020\/03\/P1100917-1024x681.jpg 1024w, https:\/\/dietenbach-ist-ueberall.de\/wp-content\/uploads\/2020\/03\/P1100917-300x200.jpg 300w, https:\/\/dietenbach-ist-ueberall.de\/wp-content\/uploads\/2020\/03\/P1100917-768x511.jpg 768w, https:\/\/dietenbach-ist-ueberall.de\/wp-content\/uploads\/2020\/03\/P1100917-1536x1021.jpg 1536w, https:\/\/dietenbach-ist-ueberall.de\/wp-content\/uploads\/2020\/03\/P1100917-2048x1362.jpg 2048w\" sizes=\"(max-width: 767px) 89vw, (max-width: 1000px) 54vw, (max-width: 1071px) 543px, 580px\" \/><\/a><\/figure><\/li><li class=\"blocks-gallery-item\"><figure><a href=\"https:\/\/dietenbach-ist-ueberall.de\/wp-content\/uploads\/2020\/03\/P1100921-scaled.jpg\"><img loading=\"lazy\" width=\"1024\" height=\"681\" src=\"https:\/\/dietenbach-ist-ueberall.de\/wp-content\/uploads\/2020\/03\/P1100921-1024x681.jpg\" alt=\"\" data-id=\"1217\" data-full-url=\"https:\/\/dietenbach-ist-ueberall.de\/wp-content\/uploads\/2020\/03\/P1100921-scaled.jpg\" data-link=\"https:\/\/dietenbach-ist-ueberall.de\/?attachment_id=1217\" class=\"wp-image-1217\" srcset=\"https:\/\/dietenbach-ist-ueberall.de\/wp-content\/uploads\/2020\/03\/P1100921-1024x681.jpg 1024w, https:\/\/dietenbach-ist-ueberall.de\/wp-content\/uploads\/2020\/03\/P1100921-300x200.jpg 300w, https:\/\/dietenbach-ist-ueberall.de\/wp-content\/uploads\/2020\/03\/P1100921-768x511.jpg 768w, https:\/\/dietenbach-ist-ueberall.de\/wp-content\/uploads\/2020\/03\/P1100921-1536x1021.jpg 1536w, https:\/\/dietenbach-ist-ueberall.de\/wp-content\/uploads\/2020\/03\/P1100921-2048x1362.jpg 2048w\" sizes=\"(max-width: 767px) 89vw, (max-width: 1000px) 54vw, (max-width: 1071px) 543px, 580px\" \/><\/a><\/figure><\/li><\/ul><\/figure>\n\n\n\n<p>Aufnahme im Waldbereich Riesert:<\/p>\n\n\n\n<figure class=\"wp-block-gallery columns-1 is-cropped\"><ul class=\"blocks-gallery-grid\"><li class=\"blocks-gallery-item\"><figure><a href=\"https:\/\/dietenbach-ist-ueberall.de\/wp-content\/uploads\/2020\/03\/P1100925-scaled.jpg\"><img loading=\"lazy\" width=\"1024\" height=\"681\" src=\"https:\/\/dietenbach-ist-ueberall.de\/wp-content\/uploads\/2020\/03\/P1100925-1024x681.jpg\" alt=\"\" data-id=\"1218\" data-full-url=\"https:\/\/dietenbach-ist-ueberall.de\/wp-content\/uploads\/2020\/03\/P1100925-scaled.jpg\" data-link=\"https:\/\/dietenbach-ist-ueberall.de\/?attachment_id=1218\" class=\"wp-image-1218\" srcset=\"https:\/\/dietenbach-ist-ueberall.de\/wp-content\/uploads\/2020\/03\/P1100925-1024x681.jpg 1024w, https:\/\/dietenbach-ist-ueberall.de\/wp-content\/uploads\/2020\/03\/P1100925-300x200.jpg 300w, https:\/\/dietenbach-ist-ueberall.de\/wp-content\/uploads\/2020\/03\/P1100925-768x511.jpg 768w, https:\/\/dietenbach-ist-ueberall.de\/wp-content\/uploads\/2020\/03\/P1100925-1536x1021.jpg 1536w, https:\/\/dietenbach-ist-ueberall.de\/wp-content\/uploads\/2020\/03\/P1100925-2048x1362.jpg 2048w\" sizes=\"(max-width: 767px) 89vw, (max-width: 1000px) 54vw, (max-width: 1071px) 543px, 580px\" \/><\/a><\/figure><\/li><\/ul><\/figure>\n\n\n\n<p style=\"font-size:18px\"><br>Trommel-Gru\u00df aus dem Langmattenw\u00e4ldchen:<\/p>\n\n\n\n<figure class=\"wp-block-video\"><video controls loop src=\"https:\/\/dietenbach-ist-ueberall.de\/wp-content\/uploads\/2020\/03\/P1100904-Short480p.mov\"><\/video><\/figure>\n\n\n\n<p>(Der Buntspecht l\u00e4sst gr\u00fc\u00dfen\u2026)<\/p>\n","protected":false},"excerpt":{"rendered":"<p>Fotos der Baum-Markierungsaktion am Samstag 7. M\u00e4rz 2020. (Alle Fotos k\u00f6nnen durch Klicken vergr\u00f6\u00dfert werden.) Aufnahmen im s\u00fcd\u00f6stlichen Teil des Langmattenw\u00e4ldchens: Aufnahme im Waldbereich Riesert: Trommel-Gru\u00df aus dem Langmattenw\u00e4ldchen: (Der Buntspecht l\u00e4sst gr\u00fc\u00dfen\u2026)<\/p>\n","protected":false},"author":2,"featured_media":0,"parent":0,"menu_order":0,"comment_status":"closed","ping_status":"closed","template":"","meta":[],"_links":{"self":[{"href":"https:\/\/dietenbach-ist-ueberall.de\/index.php?rest_route=\/wp\/v2\/pages\/1249"}],"collection":[{"href":"https:\/\/dietenbach-ist-ueberall.de\/index.php?rest_route=\/wp\/v2\/pages"}],"about":[{"href":"https:\/\/dietenbach-ist-ueberall.de\/index.php?rest_route=\/wp\/v2\/types\/page"}],"author":[{"embeddable":true,"href":"https:\/\/dietenbach-ist-ueberall.de\/index.php?rest_route=\/wp\/v2\/users\/2"}],"replies":[{"embeddable":true,"href":"https:\/\/dietenbach-ist-ueberall.de\/index.php?rest_route=%2Fwp%2Fv2%2Fcomments&post=1249"}],"version-history":[{"count":8,"href":"https:\/\/dietenbach-ist-ueberall.de\/index.php?rest_route=\/wp\/v2\/pages\/1249\/revisions"}],"predecessor-version":[{"id":1261,"href":"https:\/\/dietenbach-ist-ueberall.de\/index.php?rest_route=\/wp\/v2\/pages\/1249\/revisions\/1261"}],"wp:attachment":[{"href":"https:\/\/dietenbach-ist-ueberall.de\/index.php?rest_route=%2Fwp%2Fv2%2Fmedia&parent=1249"}],"curies":[{"name":"wp","href":"https:\/\/api.w.org\/{rel}","templated":true}]}}