{"id":1097,"date":"2020-03-01T16:34:58","date_gmt":"2020-03-01T15:34:58","guid":{"rendered":"https:\/\/dietenbach-ist-ueberall.de\/?page_id=1097"},"modified":"2020-03-11T21:03:58","modified_gmt":"2020-03-11T20:03:58","slug":"leserbrief-zum-bz-artikel-vom-29-2-2020","status":"publish","type":"page","link":"https:\/\/dietenbach-ist-ueberall.de\/?page_id=1097","title":{"rendered":"Kommentar zum BZ Artikel vom 29.2.2020"},"content":{"rendered":"\n<p>Kommentar zum BZ Plus Artikel <strong><a href=\"https:\/\/www.badische-zeitung.de\/initiative-zaehlt-baeume-die-stadt-rechnet-mit-flaechen--183277721.html\">Initiative z\u00e4hlt B\u00e4ume, die Stadt rechnet mit Fl\u00e4chen <\/a> <\/strong>von Jelka Louisa Beule<br><strong>G\u00fcnter M\u00fcller<\/strong> (3 Kommentare seit 16. Feb 2020)<br><\/p>\n\n\n\n<p>Zitat: \u00bbAber der wegfallende Wald werde in &#8222;Fl\u00e4che und Funktion&#8220; eins zu eins ersetzt, betont die Verwaltung.\u00ab<br>Die  Informationspolitik der Stadt hat sich auch ein Jahr nach dem  B\u00fcrgerentscheid nicht ge\u00e4ndert. Es wird weiter versprochen und  behauptet. <br>Wo die Stadt die wegfallende gr\u00fcne Lunge ersetzen will,  sagt sie nicht, denn sie wei\u00df es noch gar nicht. Nicht viel anders  verh\u00e4lt es sich mit den versprochenen Ersatzfl\u00e4chen f\u00fcr die Landwirte  und die Ausgleichsfl\u00e4chen.<br>Bis die 2000 neuen B\u00e4ume, die Gr\u00f6\u00dfe des  Waldst\u00fcckes haben, dass gerodet werden soll, k\u00f6nnen locker 50-100 Jahre  vergehen und f\u00fcr die Tierwelt ist ein Wald eben nicht gleichzusetzen mit  einer F\u00fclle neu gepflanzter Stra\u00dfenb\u00e4ume. Aber was z\u00e4hlt derlei schon  in Green City.<br>Insofern ist es eine L\u00fcge, wenn den B\u00fcrgern erz\u00e4hlt  wird, die B\u00e4ume w\u00fcrden in \u00bbFunktion\u00ab ersetzt, denn das ist nicht  m\u00f6glich. Die entsprechende Funktion haben die B\u00e4ume nur dort wo sie  aktuell stehen, z.B. auf das Klima, f\u00fcr die Tierwelt, Freizeitwert,  Luftqualit\u00e4t, Temperatur, L\u00e4rmschutz etc.<br>Anders als von der Stadt  behauptet, wurde die geplante Rodung nicht in der \u00d6ffentlichkeit  thematisiert. Und das war auch beabsichtigt, denn sp\u00e4testens seit der  \u00bbStilllegung\u00ab von ca. 50 B\u00e4umen f\u00fcr das neue Volksbankgeb\u00e4ude am Bahnhof  war der Verwaltung klar, dass die B\u00fcrger ihre B\u00e4ume wertsch\u00e4tzen. Einen  weiteren Beweis daf\u00fcr gab es am Keidelbad, wo f\u00fcr viel weniger B\u00e4ume  lauter Protest entbrannte. <br>Im Vorfeld des B\u00fcrgerentscheids haben  Verwaltung und Baubef\u00fcrworter stets versucht das heutige  Dietenbachgel\u00e4nde als eine einzige Maisw\u00fcste abzuqualifizieren. Dass dem  nicht so ist und dass auf dem gesamten Gel\u00e4nde viele Tiere leben, haben  u.a. die B\u00fcrgerinitiativen <br><a rel=\"noreferrer noopener\" href=\"http:\/\/www.Rettet-Dietenbach.de\" target=\"_blank\">http:\/\/www.Rettet-Dietenbach.de<\/a> <br>und <br><a rel=\"noreferrer noopener\" href=\"http:\/\/www.biprolandwirtschaft.de\" target=\"_blank\">http:\/\/www.biprolandwirtschaft.de<\/a> <br>dargelegt. Die Stadt hat das aber stets bestritten oder relativiert.<br>Die  vorgenannten B\u00fcrgerinitiativen haben auch darauf hingewiesen, dass die  Bebauung dort wegen hohem Grundwasserspiegel und \u00dcberflutungsgefahr  ungeeignet sei. Dass die Mieten und Immobilienpreise hoch sein werden  und die 50 %-Quote nicht einzuhalten sei. Die bereits hoch verschuldete  Stadt sich einen der gr\u00f6\u00dften Neubaustadtteile Deutschlands \u00fcberhaupt  nicht leisten kann und der Bedarf u.a. wegen des demografischen Wandels  ab 2025, wenn erster Wohnraum dort entstehen k\u00f6nnte, sukzessive abnimmt.<br>Anstatt,  dass sich die Bauverwaltung endlich um weniger umstrittene Bauvorhaben  k\u00fcmmert, steckt sie Millionen in Dietenbach und bindet entsprechend viel  Personal. Baugebiete wie Zinklern und Z\u00e4hringen Nord kommen dadurch  nicht voran. Wegen dieser falschen Priorisierung fehlt letztlich  Wohnraum in Freiburg.<br>Seit geraumer Zeit entspannt sich der  Wohnungsmarkt allm\u00e4hlich. Die Klimakrise hingegen versch\u00e4rft sich.  Dennoch baut Freiburg weiter wie verr\u00fcckt, l\u00e4sst den Verkehr weiter  ansteigen und wird dadurch fr\u00fchestens 2035 &#8211; wenn \u00fcberhaupt &#8211; die  Klimaziele einhalten. <br>Es ist leider sehr wahrscheinlich, dass am  Ende dieses Jahrzehnts die Stadt Freiburg hoch verschuldet ist und das  Geld an allen Ecken und Enden fehlt. Die 50 %-Quote, das gro\u00dfe  Wahlversprechen in Dietenbach wurde krachend verfehlt. Da das Bauen und  Wohnen dort teuer ist und das Wohnen an Schnellstra\u00dfen und auf der  Baustelle unattraktiv ist und es dort an Infrastruktur fehlt, geht die  Entwicklung des Stadtteils nur schleppend voran. Ein wesentlicher Grund  daf\u00fcr ist auch der Umstand, dass es im \u00fcbrigen Stadtgebiet inzwischen  genug anderweitige Wohnungsangebote gibt. Sp\u00e4testens dann ist klar:  Dietenbach war ein gro\u00dfer Flopp, aber dann ist es zu sp\u00e4t.<br><\/p>\n\n\n\n<ul><li>\n\t\t\t\t\t\t29. Feb 2020 &#8211; 13:12 Uhr\n\t\t\t\t\t\t\t\t\t\t\t<\/li><\/ul>\n\n\n\n<p><strong>Tjark Voigts<\/strong> <br>1019  seit  1. Sep 2009 <br><\/p>\n\n\n\n<p>Die \nWaldfl\u00e4chen rechts und links vom vorhandenen Sportgel\u00e4nde wurden vor 10 \nJahren als Ausgleichsfl\u00e4chen f\u00fcr die neuen Fussballpl\u00e4tze aufgep\u00e4ppelt \nund vertraglich unter Schutz gestellt. Jetzt sollen diese \nAusgleichsfl\u00e4chen woanders mit sehr jungen (!) B\u00e4umen wiederum \nausgeglichen werden ? Erstens hat die Stadt mit dem \u00f6kologischen \nAusgleich f\u00fcr die Dietenbach-Bebauung immer noch ein ungel\u00f6stes Problem,\n zweitens widerspricht es eklatant dem notwendigen Umwelt- und \nNaturschutz, alle 15 Jahre Ausgleichsfl\u00e4chen platt zu machen. Der \nAusgleich vom Ausgleich verdoppelt das Problem, und eigentlich ist es \nnur eine Salami-Taktik, um sich Bauw\u00fcnsche zulasten der Natur zu \nerf\u00fcllen. Krass !<\/p>\n\n\n\n<ul><li>\n\t\t\t\t\t\t 3. M\u00e4r 2020 &#8211; 09:13 Uhr\n\t\t\t\t\t\t\t\t\t\t\t<\/li><\/ul>\n\n\n\n<p><\/p>\n","protected":false},"excerpt":{"rendered":"<p>Kommentar zum BZ Plus Artikel Initiative z\u00e4hlt B\u00e4ume, die Stadt rechnet mit Fl\u00e4chen von Jelka Louisa BeuleG\u00fcnter M\u00fcller (3 Kommentare seit 16. Feb 2020) Zitat: \u00bbAber der wegfallende Wald werde in &#8222;Fl\u00e4che und Funktion&#8220; eins zu eins ersetzt, betont die Verwaltung.\u00abDie Informationspolitik der Stadt hat sich auch ein Jahr nach dem B\u00fcrgerentscheid nicht ge\u00e4ndert. Es &hellip; <\/p>\n<p class=\"link-more\"><a href=\"https:\/\/dietenbach-ist-ueberall.de\/?page_id=1097\" class=\"more-link\"><span class=\"screen-reader-text\">\u201eKommentar zum BZ Artikel vom 29.2.2020\u201c<\/span> weiterlesen<\/a><\/p>\n","protected":false},"author":1,"featured_media":0,"parent":0,"menu_order":0,"comment_status":"closed","ping_status":"closed","template":"","meta":[],"_links":{"self":[{"href":"https:\/\/dietenbach-ist-ueberall.de\/index.php?rest_route=\/wp\/v2\/pages\/1097"}],"collection":[{"href":"https:\/\/dietenbach-ist-ueberall.de\/index.php?rest_route=\/wp\/v2\/pages"}],"about":[{"href":"https:\/\/dietenbach-ist-ueberall.de\/index.php?rest_route=\/wp\/v2\/types\/page"}],"author":[{"embeddable":true,"href":"https:\/\/dietenbach-ist-ueberall.de\/index.php?rest_route=\/wp\/v2\/users\/1"}],"replies":[{"embeddable":true,"href":"https:\/\/dietenbach-ist-ueberall.de\/index.php?rest_route=%2Fwp%2Fv2%2Fcomments&post=1097"}],"version-history":[{"count":7,"href":"https:\/\/dietenbach-ist-ueberall.de\/index.php?rest_route=\/wp\/v2\/pages\/1097\/revisions"}],"predecessor-version":[{"id":1236,"href":"https:\/\/dietenbach-ist-ueberall.de\/index.php?rest_route=\/wp\/v2\/pages\/1097\/revisions\/1236"}],"wp:attachment":[{"href":"https:\/\/dietenbach-ist-ueberall.de\/index.php?rest_route=%2Fwp%2Fv2%2Fmedia&parent=1097"}],"curies":[{"name":"wp","href":"https:\/\/api.w.org\/{rel}","templated":true}]}}